{"id":1481,"date":"2025-08-18T13:12:57","date_gmt":"2025-08-18T13:12:57","guid":{"rendered":"https:\/\/samanuisette.com\/?post_type=product&#038;p=1481"},"modified":"2026-02-27T21:25:01","modified_gmt":"2026-02-27T21:25:01","slug":"lingerie-blanc-2","status":"publish","type":"product","link":"https:\/\/samanuisette.com\/?product=lingerie-blanc-2","title":{"rendered":"Transparente Chic"},"content":{"rendered":"","protected":false},"excerpt":{"rendered":"","protected":false},"featured_media":1231,"comment_status":"open","ping_status":"closed","template":"","meta":{"_joinchat":[]},"product_brand":[],"product_cat":[112],"product_tag":[],"class_list":{"0":"post-1481","1":"product","2":"type-product","3":"status-publish","4":"has-post-thumbnail","6":"product_cat-lingerie-sexy","8":"first","9":"outofstock","10":"shipping-taxable","11":"purchasable","12":"product-type-simple"},"yoast_head":"<!-- This site is optimized with the Yoast SEO plugin v25.8 - https:\/\/yoast.com\/wordpress\/plugins\/seo\/ -->\n<title>Combinaison Nuisette avec Petite Cha\u00eene \u2013 Sexy S\u00e9n\u00e9gal<\/title>\n<meta name=\"description\" content=\"Combinaison nuisette avec petite cha\u00eene : lingerie sexy et \u00e9l\u00e9gante pour s\u00e9duire au S\u00e9n\u00e9gal. Style, confort et livraison rapide garantis !\" \/>\n<meta name=\"robots\" content=\"index, follow, max-snippet:-1, max-image-preview:large, max-video-preview:-1\" \/>\n<link rel=\"canonical\" href=\"https:\/\/samanuisette.com\/?product=lingerie-blanc-2\" \/>\n<meta property=\"og:locale\" content=\"fr_FR\" \/>\n<meta property=\"og:type\" content=\"article\" \/>\n<meta property=\"og:title\" content=\"Combinaison Nuisette avec Petite Cha\u00eene \u2013 Sexy S\u00e9n\u00e9gal\" \/>\n<meta property=\"og:description\" content=\"Combinaison nuisette avec petite cha\u00eene : lingerie sexy et \u00e9l\u00e9gante pour s\u00e9duire au S\u00e9n\u00e9gal. Style, confort et livraison rapide garantis !\" \/>\n<meta property=\"og:url\" content=\"https:\/\/samanuisette.com\/?product=lingerie-blanc-2\" \/>\n<meta property=\"og:site_name\" content=\"Samanuisette\" \/>\n<meta property=\"article:modified_time\" content=\"2026-02-27T21:25:01+00:00\" \/>\n<meta property=\"og:image\" content=\"https:\/\/samanuisette.com\/wp-content\/uploads\/2025\/08\/WhatsApp-Image-2025-05-18-at-22.07.25-4.jpeg\" \/>\n\t<meta property=\"og:image:width\" content=\"1080\" \/>\n\t<meta property=\"og:image:height\" content=\"1080\" \/>\n\t<meta property=\"og:image:type\" content=\"image\/jpeg\" \/>\n<meta name=\"twitter:card\" content=\"summary_large_image\" \/>\n<meta name=\"twitter:label1\" content=\"Dur\u00e9e de lecture estim\u00e9e\" \/>\n\t<meta name=\"twitter:data1\" content=\"1 minute\" \/>\n<script type=\"application\/ld+json\" class=\"yoast-schema-graph\">{\"@context\":\"https:\/\/schema.org\",\"@graph\":[{\"@type\":\"WebPage\",\"@id\":\"https:\/\/samanuisette.com\/?product=lingerie-blanc-2\",\"url\":\"https:\/\/samanuisette.com\/?product=lingerie-blanc-2\",\"name\":\"Combinaison Nuisette avec Petite Cha\u00eene \u2013 Sexy S\u00e9n\u00e9gal\",\"isPartOf\":{\"@id\":\"https:\/\/samanuisette.com\/#website\"},\"primaryImageOfPage\":{\"@id\":\"https:\/\/samanuisette.com\/?product=lingerie-blanc-2#primaryimage\"},\"image\":{\"@id\":\"https:\/\/samanuisette.com\/?product=lingerie-blanc-2#primaryimage\"},\"thumbnailUrl\":\"https:\/\/samanuisette.com\/wp-content\/uploads\/2025\/08\/WhatsApp-Image-2025-05-18-at-22.07.25-4.jpeg\",\"datePublished\":\"2025-08-18T13:12:57+00:00\",\"dateModified\":\"2026-02-27T21:25:01+00:00\",\"description\":\"Combinaison nuisette avec petite cha\u00eene : lingerie sexy et \u00e9l\u00e9gante pour s\u00e9duire au S\u00e9n\u00e9gal. Style, confort et livraison rapide garantis !\",\"breadcrumb\":{\"@id\":\"https:\/\/samanuisette.com\/?product=lingerie-blanc-2#breadcrumb\"},\"inLanguage\":\"fr-FR\",\"potentialAction\":[{\"@type\":\"ReadAction\",\"target\":[\"https:\/\/samanuisette.com\/?product=lingerie-blanc-2\"]}]},{\"@type\":\"ImageObject\",\"inLanguage\":\"fr-FR\",\"@id\":\"https:\/\/samanuisette.com\/?product=lingerie-blanc-2#primaryimage\",\"url\":\"https:\/\/samanuisette.com\/wp-content\/uploads\/2025\/08\/WhatsApp-Image-2025-05-18-at-22.07.25-4.jpeg\",\"contentUrl\":\"https:\/\/samanuisette.com\/wp-content\/uploads\/2025\/08\/WhatsApp-Image-2025-05-18-at-22.07.25-4.jpeg\",\"width\":1080,\"height\":1080},{\"@type\":\"BreadcrumbList\",\"@id\":\"https:\/\/samanuisette.com\/?product=lingerie-blanc-2#breadcrumb\",\"itemListElement\":[{\"@type\":\"ListItem\",\"position\":1,\"name\":\"Accueil\",\"item\":\"https:\/\/samanuisette.com\/\"},{\"@type\":\"ListItem\",\"position\":2,\"name\":\"Boutique\",\"item\":\"https:\/\/samanuisette.com\/?page_id=1005\"},{\"@type\":\"ListItem\",\"position\":3,\"name\":\"Transparente Chic\"}]},{\"@type\":\"WebSite\",\"@id\":\"https:\/\/samanuisette.com\/#website\",\"url\":\"https:\/\/samanuisette.com\/\",\"name\":\"Samanuisette\",\"description\":\"\",\"potentialAction\":[{\"@type\":\"SearchAction\",\"target\":{\"@type\":\"EntryPoint\",\"urlTemplate\":\"https:\/\/samanuisette.com\/?s={search_term_string}\"},\"query-input\":{\"@type\":\"PropertyValueSpecification\",\"valueRequired\":true,\"valueName\":\"search_term_string\"}}],\"inLanguage\":\"fr-FR\"}]}<\/script>\n<!-- \/ Yoast SEO plugin. -->","yoast_head_json":{"title":"Combinaison Nuisette avec Petite Cha\u00eene \u2013 Sexy S\u00e9n\u00e9gal","description":"Combinaison nuisette avec petite cha\u00eene : lingerie sexy et \u00e9l\u00e9gante pour s\u00e9duire au S\u00e9n\u00e9gal. Style, confort et livraison rapide garantis !","robots":{"index":"index","follow":"follow","max-snippet":"max-snippet:-1","max-image-preview":"max-image-preview:large","max-video-preview":"max-video-preview:-1"},"canonical":"https:\/\/samanuisette.com\/?product=lingerie-blanc-2","og_locale":"fr_FR","og_type":"article","og_title":"Combinaison Nuisette avec Petite Cha\u00eene \u2013 Sexy S\u00e9n\u00e9gal","og_description":"Combinaison nuisette avec petite cha\u00eene : lingerie sexy et \u00e9l\u00e9gante pour s\u00e9duire au S\u00e9n\u00e9gal. Style, confort et livraison rapide garantis !","og_url":"https:\/\/samanuisette.com\/?product=lingerie-blanc-2","og_site_name":"Samanuisette","article_modified_time":"2026-02-27T21:25:01+00:00","og_image":[{"width":1080,"height":1080,"url":"https:\/\/samanuisette.com\/wp-content\/uploads\/2025\/08\/WhatsApp-Image-2025-05-18-at-22.07.25-4.jpeg","type":"image\/jpeg"}],"twitter_card":"summary_large_image","twitter_misc":{"Dur\u00e9e de lecture estim\u00e9e":"1 minute"},"schema":{"@context":"https:\/\/schema.org","@graph":[{"@type":"WebPage","@id":"https:\/\/samanuisette.com\/?product=lingerie-blanc-2","url":"https:\/\/samanuisette.com\/?product=lingerie-blanc-2","name":"Combinaison Nuisette avec Petite Cha\u00eene \u2013 Sexy S\u00e9n\u00e9gal","isPartOf":{"@id":"https:\/\/samanuisette.com\/#website"},"primaryImageOfPage":{"@id":"https:\/\/samanuisette.com\/?product=lingerie-blanc-2#primaryimage"},"image":{"@id":"https:\/\/samanuisette.com\/?product=lingerie-blanc-2#primaryimage"},"thumbnailUrl":"https:\/\/samanuisette.com\/wp-content\/uploads\/2025\/08\/WhatsApp-Image-2025-05-18-at-22.07.25-4.jpeg","datePublished":"2025-08-18T13:12:57+00:00","dateModified":"2026-02-27T21:25:01+00:00","description":"Combinaison nuisette avec petite cha\u00eene : lingerie sexy et \u00e9l\u00e9gante pour s\u00e9duire au S\u00e9n\u00e9gal. Style, confort et livraison rapide garantis !","breadcrumb":{"@id":"https:\/\/samanuisette.com\/?product=lingerie-blanc-2#breadcrumb"},"inLanguage":"fr-FR","potentialAction":[{"@type":"ReadAction","target":["https:\/\/samanuisette.com\/?product=lingerie-blanc-2"]}]},{"@type":"ImageObject","inLanguage":"fr-FR","@id":"https:\/\/samanuisette.com\/?product=lingerie-blanc-2#primaryimage","url":"https:\/\/samanuisette.com\/wp-content\/uploads\/2025\/08\/WhatsApp-Image-2025-05-18-at-22.07.25-4.jpeg","contentUrl":"https:\/\/samanuisette.com\/wp-content\/uploads\/2025\/08\/WhatsApp-Image-2025-05-18-at-22.07.25-4.jpeg","width":1080,"height":1080},{"@type":"BreadcrumbList","@id":"https:\/\/samanuisette.com\/?product=lingerie-blanc-2#breadcrumb","itemListElement":[{"@type":"ListItem","position":1,"name":"Accueil","item":"https:\/\/samanuisette.com\/"},{"@type":"ListItem","position":2,"name":"Boutique","item":"https:\/\/samanuisette.com\/?page_id=1005"},{"@type":"ListItem","position":3,"name":"Transparente Chic"}]},{"@type":"WebSite","@id":"https:\/\/samanuisette.com\/#website","url":"https:\/\/samanuisette.com\/","name":"Samanuisette","description":"","potentialAction":[{"@type":"SearchAction","target":{"@type":"EntryPoint","urlTemplate":"https:\/\/samanuisette.com\/?s={search_term_string}"},"query-input":{"@type":"PropertyValueSpecification","valueRequired":true,"valueName":"search_term_string"}}],"inLanguage":"fr-FR"}]}},"_links":{"self":[{"href":"https:\/\/samanuisette.com\/index.php?rest_route=\/wp\/v2\/product\/1481","targetHints":{"allow":["GET"]}}],"collection":[{"href":"https:\/\/samanuisette.com\/index.php?rest_route=\/wp\/v2\/product"}],"about":[{"href":"https:\/\/samanuisette.com\/index.php?rest_route=\/wp\/v2\/types\/product"}],"replies":[{"embeddable":true,"href":"https:\/\/samanuisette.com\/index.php?rest_route=%2Fwp%2Fv2%2Fcomments&post=1481"}],"wp:featuredmedia":[{"embeddable":true,"href":"https:\/\/samanuisette.com\/index.php?rest_route=\/wp\/v2\/media\/1231"}],"wp:attachment":[{"href":"https:\/\/samanuisette.com\/index.php?rest_route=%2Fwp%2Fv2%2Fmedia&parent=1481"}],"wp:term":[{"taxonomy":"product_brand","embeddable":true,"href":"https:\/\/samanuisette.com\/index.php?rest_route=%2Fwp%2Fv2%2Fproduct_brand&post=1481"},{"taxonomy":"product_cat","embeddable":true,"href":"https:\/\/samanuisette.com\/index.php?rest_route=%2Fwp%2Fv2%2Fproduct_cat&post=1481"},{"taxonomy":"product_tag","embeddable":true,"href":"https:\/\/samanuisette.com\/index.php?rest_route=%2Fwp%2Fv2%2Fproduct_tag&post=1481"}],"curies":[{"name":"wp","href":"https:\/\/api.w.org\/{rel}","templated":true}]}}