{"id":1534,"date":"2025-08-20T17:17:57","date_gmt":"2025-08-20T17:17:57","guid":{"rendered":"https:\/\/samanuisette.com\/?post_type=product&#038;p=1534"},"modified":"2026-02-21T11:41:13","modified_gmt":"2026-02-21T11:41:13","slug":"rouge-passion","status":"publish","type":"product","link":"https:\/\/samanuisette.com\/?product=rouge-passion","title":{"rendered":"Chemises de nuit Rouge"},"content":{"rendered":"<p><img fetchpriority=\"high\" decoding=\"async\" class=\"alignnone size-medium wp-image-1411\" src=\"https:\/\/samanuisette.com\/wp-content\/uploads\/2025\/08\/WhatsApp-Image-2025-05-18-at-22.11.40-300x300.jpeg\" alt=\"\" width=\"300\" height=\"300\" srcset=\"https:\/\/samanuisette.com\/wp-content\/uploads\/2025\/08\/WhatsApp-Image-2025-05-18-at-22.11.40-300x300.jpeg 300w, https:\/\/samanuisette.com\/wp-content\/uploads\/2025\/08\/WhatsApp-Image-2025-05-18-at-22.11.40-150x150.jpeg 150w, https:\/\/samanuisette.com\/wp-content\/uploads\/2025\/08\/WhatsApp-Image-2025-05-18-at-22.11.40-600x600.jpeg 600w, https:\/\/samanuisette.com\/wp-content\/uploads\/2025\/08\/WhatsApp-Image-2025-05-18-at-22.11.40-440x440.jpeg 440w, https:\/\/samanuisette.com\/wp-content\/uploads\/2025\/08\/WhatsApp-Image-2025-05-18-at-22.11.40-120x120.jpeg 120w, https:\/\/samanuisette.com\/wp-content\/uploads\/2025\/08\/WhatsApp-Image-2025-05-18-at-22.11.40-46x46.jpeg 46w, https:\/\/samanuisette.com\/wp-content\/uploads\/2025\/08\/WhatsApp-Image-2025-05-18-at-22.11.40-100x100.jpeg 100w, https:\/\/samanuisette.com\/wp-content\/uploads\/2025\/08\/WhatsApp-Image-2025-05-18-at-22.11.40.jpeg 666w\" sizes=\"(max-width: 300px) 100vw, 300px\" \/><\/p>\n","protected":false},"excerpt":{"rendered":"","protected":false},"featured_media":2046,"comment_status":"open","ping_status":"closed","template":"","meta":{"_joinchat":[]},"product_brand":[],"product_cat":[115],"product_tag":[],"class_list":{"0":"post-1534","1":"product","2":"type-product","3":"status-publish","4":"has-post-thumbnail","6":"product_cat-ensembles-irresistibles","8":"first","9":"instock","10":"sale","11":"shipping-taxable","12":"purchasable","13":"product-type-simple"},"yoast_head":"<!-- This site is optimized with the Yoast SEO plugin v25.8 - https:\/\/yoast.com\/wordpress\/plugins\/seo\/ -->\n<title>Nuisette et Combinaison Rouge Transparent \u2013 Sexy S\u00e9n\u00e9gal<\/title>\n<meta name=\"description\" content=\"D\u00e9couvrez notre ensemble 2 pi\u00e8ces rouge transparent : nuisette et combinaison sexy. Parfait pour s\u00e9duire et briller au S\u00e9n\u00e9gal. Livraison rapide !\" \/>\n<meta name=\"robots\" content=\"index, follow, max-snippet:-1, max-image-preview:large, max-video-preview:-1\" \/>\n<link rel=\"canonical\" href=\"https:\/\/samanuisette.com\/?product=rouge-passion\" \/>\n<meta property=\"og:locale\" content=\"fr_FR\" \/>\n<meta property=\"og:type\" content=\"article\" \/>\n<meta property=\"og:title\" content=\"Nuisette et Combinaison Rouge Transparent \u2013 Sexy S\u00e9n\u00e9gal\" \/>\n<meta property=\"og:description\" content=\"D\u00e9couvrez notre ensemble 2 pi\u00e8ces rouge transparent : nuisette et combinaison sexy. Parfait pour s\u00e9duire et briller au S\u00e9n\u00e9gal. Livraison rapide !\" \/>\n<meta property=\"og:url\" content=\"https:\/\/samanuisette.com\/?product=rouge-passion\" \/>\n<meta property=\"og:site_name\" content=\"Samanuisette\" \/>\n<meta property=\"article:modified_time\" content=\"2026-02-21T11:41:13+00:00\" \/>\n<meta property=\"og:image\" content=\"https:\/\/samanuisette.com\/wp-content\/uploads\/2025\/08\/Hb435b738a1a545f3812f0d5b25c480987.jpg\" \/>\n\t<meta property=\"og:image:width\" content=\"1201\" \/>\n\t<meta property=\"og:image:height\" content=\"1201\" \/>\n\t<meta property=\"og:image:type\" content=\"image\/jpeg\" \/>\n<meta name=\"twitter:card\" content=\"summary_large_image\" \/>\n<meta name=\"twitter:label1\" content=\"Dur\u00e9e de lecture estim\u00e9e\" \/>\n\t<meta name=\"twitter:data1\" content=\"1 minute\" \/>\n<script type=\"application\/ld+json\" class=\"yoast-schema-graph\">{\"@context\":\"https:\/\/schema.org\",\"@graph\":[{\"@type\":\"WebPage\",\"@id\":\"https:\/\/samanuisette.com\/?product=rouge-passion\",\"url\":\"https:\/\/samanuisette.com\/?product=rouge-passion\",\"name\":\"Nuisette et Combinaison Rouge Transparent \u2013 Sexy S\u00e9n\u00e9gal\",\"isPartOf\":{\"@id\":\"https:\/\/samanuisette.com\/#website\"},\"primaryImageOfPage\":{\"@id\":\"https:\/\/samanuisette.com\/?product=rouge-passion#primaryimage\"},\"image\":{\"@id\":\"https:\/\/samanuisette.com\/?product=rouge-passion#primaryimage\"},\"thumbnailUrl\":\"https:\/\/samanuisette.com\/wp-content\/uploads\/2025\/08\/Hb435b738a1a545f3812f0d5b25c480987.jpg\",\"datePublished\":\"2025-08-20T17:17:57+00:00\",\"dateModified\":\"2026-02-21T11:41:13+00:00\",\"description\":\"D\u00e9couvrez notre ensemble 2 pi\u00e8ces rouge transparent : nuisette et combinaison sexy. Parfait pour s\u00e9duire et briller au S\u00e9n\u00e9gal. Livraison rapide !\",\"breadcrumb\":{\"@id\":\"https:\/\/samanuisette.com\/?product=rouge-passion#breadcrumb\"},\"inLanguage\":\"fr-FR\",\"potentialAction\":[{\"@type\":\"ReadAction\",\"target\":[\"https:\/\/samanuisette.com\/?product=rouge-passion\"]}]},{\"@type\":\"ImageObject\",\"inLanguage\":\"fr-FR\",\"@id\":\"https:\/\/samanuisette.com\/?product=rouge-passion#primaryimage\",\"url\":\"https:\/\/samanuisette.com\/wp-content\/uploads\/2025\/08\/Hb435b738a1a545f3812f0d5b25c480987.jpg\",\"contentUrl\":\"https:\/\/samanuisette.com\/wp-content\/uploads\/2025\/08\/Hb435b738a1a545f3812f0d5b25c480987.jpg\",\"width\":1201,\"height\":1201},{\"@type\":\"BreadcrumbList\",\"@id\":\"https:\/\/samanuisette.com\/?product=rouge-passion#breadcrumb\",\"itemListElement\":[{\"@type\":\"ListItem\",\"position\":1,\"name\":\"Accueil\",\"item\":\"https:\/\/samanuisette.com\/\"},{\"@type\":\"ListItem\",\"position\":2,\"name\":\"Boutique\",\"item\":\"https:\/\/samanuisette.com\/?page_id=1005\"},{\"@type\":\"ListItem\",\"position\":3,\"name\":\"Chemises de nuit Rouge\"}]},{\"@type\":\"WebSite\",\"@id\":\"https:\/\/samanuisette.com\/#website\",\"url\":\"https:\/\/samanuisette.com\/\",\"name\":\"Samanuisette\",\"description\":\"\",\"potentialAction\":[{\"@type\":\"SearchAction\",\"target\":{\"@type\":\"EntryPoint\",\"urlTemplate\":\"https:\/\/samanuisette.com\/?s={search_term_string}\"},\"query-input\":{\"@type\":\"PropertyValueSpecification\",\"valueRequired\":true,\"valueName\":\"search_term_string\"}}],\"inLanguage\":\"fr-FR\"}]}<\/script>\n<!-- \/ Yoast SEO plugin. -->","yoast_head_json":{"title":"Nuisette et Combinaison Rouge Transparent \u2013 Sexy S\u00e9n\u00e9gal","description":"D\u00e9couvrez notre ensemble 2 pi\u00e8ces rouge transparent : nuisette et combinaison sexy. Parfait pour s\u00e9duire et briller au S\u00e9n\u00e9gal. Livraison rapide !","robots":{"index":"index","follow":"follow","max-snippet":"max-snippet:-1","max-image-preview":"max-image-preview:large","max-video-preview":"max-video-preview:-1"},"canonical":"https:\/\/samanuisette.com\/?product=rouge-passion","og_locale":"fr_FR","og_type":"article","og_title":"Nuisette et Combinaison Rouge Transparent \u2013 Sexy S\u00e9n\u00e9gal","og_description":"D\u00e9couvrez notre ensemble 2 pi\u00e8ces rouge transparent : nuisette et combinaison sexy. Parfait pour s\u00e9duire et briller au S\u00e9n\u00e9gal. Livraison rapide !","og_url":"https:\/\/samanuisette.com\/?product=rouge-passion","og_site_name":"Samanuisette","article_modified_time":"2026-02-21T11:41:13+00:00","og_image":[{"width":1201,"height":1201,"url":"https:\/\/samanuisette.com\/wp-content\/uploads\/2025\/08\/Hb435b738a1a545f3812f0d5b25c480987.jpg","type":"image\/jpeg"}],"twitter_card":"summary_large_image","twitter_misc":{"Dur\u00e9e de lecture estim\u00e9e":"1 minute"},"schema":{"@context":"https:\/\/schema.org","@graph":[{"@type":"WebPage","@id":"https:\/\/samanuisette.com\/?product=rouge-passion","url":"https:\/\/samanuisette.com\/?product=rouge-passion","name":"Nuisette et Combinaison Rouge Transparent \u2013 Sexy S\u00e9n\u00e9gal","isPartOf":{"@id":"https:\/\/samanuisette.com\/#website"},"primaryImageOfPage":{"@id":"https:\/\/samanuisette.com\/?product=rouge-passion#primaryimage"},"image":{"@id":"https:\/\/samanuisette.com\/?product=rouge-passion#primaryimage"},"thumbnailUrl":"https:\/\/samanuisette.com\/wp-content\/uploads\/2025\/08\/Hb435b738a1a545f3812f0d5b25c480987.jpg","datePublished":"2025-08-20T17:17:57+00:00","dateModified":"2026-02-21T11:41:13+00:00","description":"D\u00e9couvrez notre ensemble 2 pi\u00e8ces rouge transparent : nuisette et combinaison sexy. Parfait pour s\u00e9duire et briller au S\u00e9n\u00e9gal. Livraison rapide !","breadcrumb":{"@id":"https:\/\/samanuisette.com\/?product=rouge-passion#breadcrumb"},"inLanguage":"fr-FR","potentialAction":[{"@type":"ReadAction","target":["https:\/\/samanuisette.com\/?product=rouge-passion"]}]},{"@type":"ImageObject","inLanguage":"fr-FR","@id":"https:\/\/samanuisette.com\/?product=rouge-passion#primaryimage","url":"https:\/\/samanuisette.com\/wp-content\/uploads\/2025\/08\/Hb435b738a1a545f3812f0d5b25c480987.jpg","contentUrl":"https:\/\/samanuisette.com\/wp-content\/uploads\/2025\/08\/Hb435b738a1a545f3812f0d5b25c480987.jpg","width":1201,"height":1201},{"@type":"BreadcrumbList","@id":"https:\/\/samanuisette.com\/?product=rouge-passion#breadcrumb","itemListElement":[{"@type":"ListItem","position":1,"name":"Accueil","item":"https:\/\/samanuisette.com\/"},{"@type":"ListItem","position":2,"name":"Boutique","item":"https:\/\/samanuisette.com\/?page_id=1005"},{"@type":"ListItem","position":3,"name":"Chemises de nuit Rouge"}]},{"@type":"WebSite","@id":"https:\/\/samanuisette.com\/#website","url":"https:\/\/samanuisette.com\/","name":"Samanuisette","description":"","potentialAction":[{"@type":"SearchAction","target":{"@type":"EntryPoint","urlTemplate":"https:\/\/samanuisette.com\/?s={search_term_string}"},"query-input":{"@type":"PropertyValueSpecification","valueRequired":true,"valueName":"search_term_string"}}],"inLanguage":"fr-FR"}]}},"_links":{"self":[{"href":"https:\/\/samanuisette.com\/index.php?rest_route=\/wp\/v2\/product\/1534","targetHints":{"allow":["GET"]}}],"collection":[{"href":"https:\/\/samanuisette.com\/index.php?rest_route=\/wp\/v2\/product"}],"about":[{"href":"https:\/\/samanuisette.com\/index.php?rest_route=\/wp\/v2\/types\/product"}],"replies":[{"embeddable":true,"href":"https:\/\/samanuisette.com\/index.php?rest_route=%2Fwp%2Fv2%2Fcomments&post=1534"}],"wp:featuredmedia":[{"embeddable":true,"href":"https:\/\/samanuisette.com\/index.php?rest_route=\/wp\/v2\/media\/2046"}],"wp:attachment":[{"href":"https:\/\/samanuisette.com\/index.php?rest_route=%2Fwp%2Fv2%2Fmedia&parent=1534"}],"wp:term":[{"taxonomy":"product_brand","embeddable":true,"href":"https:\/\/samanuisette.com\/index.php?rest_route=%2Fwp%2Fv2%2Fproduct_brand&post=1534"},{"taxonomy":"product_cat","embeddable":true,"href":"https:\/\/samanuisette.com\/index.php?rest_route=%2Fwp%2Fv2%2Fproduct_cat&post=1534"},{"taxonomy":"product_tag","embeddable":true,"href":"https:\/\/samanuisette.com\/index.php?rest_route=%2Fwp%2Fv2%2Fproduct_tag&post=1534"}],"curies":[{"name":"wp","href":"https:\/\/api.w.org\/{rel}","templated":true}]}}