{"id":1557,"date":"2025-08-21T14:29:54","date_gmt":"2025-08-21T14:29:54","guid":{"rendered":"https:\/\/samanuisette.com\/?post_type=product&#038;p=1557"},"modified":"2026-04-01T10:51:32","modified_gmt":"2026-04-01T10:51:32","slug":"rouge-provocante","status":"publish","type":"product","link":"https:\/\/samanuisette.com\/?product=rouge-provocante","title":{"rendered":"Rouge Provocante"},"content":{"rendered":"","protected":false},"excerpt":{"rendered":"","protected":false},"featured_media":1408,"comment_status":"open","ping_status":"closed","template":"","meta":{"_joinchat":[]},"product_brand":[],"product_cat":[115],"product_tag":[],"class_list":{"0":"post-1557","1":"product","2":"type-product","3":"status-publish","4":"has-post-thumbnail","6":"product_cat-ensembles-irresistibles","8":"first","9":"instock","10":"sale","11":"shipping-taxable","12":"purchasable","13":"product-type-simple"},"yoast_head":"<!-- This site is optimized with the Yoast SEO plugin v25.8 - https:\/\/yoast.com\/wordpress\/plugins\/seo\/ -->\n<title>Ensemble blanc transparent avec slip et long.<\/title>\n<meta name=\"description\" content=\"Ensemble blanc transparent avec slip et long gilet. Douceur, charme et sensualit\u00e9 r\u00e9unis pour sublimer votre allure. Disponible chez Sama Nuisette S\u00e9n\u00e9gal\" \/>\n<meta name=\"robots\" content=\"index, follow, max-snippet:-1, max-image-preview:large, max-video-preview:-1\" \/>\n<link rel=\"canonical\" href=\"https:\/\/samanuisette.com\/?product=rouge-provocante\" \/>\n<meta property=\"og:locale\" content=\"fr_FR\" \/>\n<meta property=\"og:type\" content=\"article\" \/>\n<meta property=\"og:title\" content=\"Ensemble blanc transparent avec slip et long.\" \/>\n<meta property=\"og:description\" content=\"Ensemble blanc transparent avec slip et long gilet. Douceur, charme et sensualit\u00e9 r\u00e9unis pour sublimer votre allure. Disponible chez Sama Nuisette S\u00e9n\u00e9gal\" \/>\n<meta property=\"og:url\" content=\"https:\/\/samanuisette.com\/?product=rouge-provocante\" \/>\n<meta property=\"og:site_name\" content=\"Samanuisette\" \/>\n<meta property=\"article:modified_time\" content=\"2026-04-01T10:51:32+00:00\" \/>\n<meta property=\"og:image\" content=\"https:\/\/samanuisette.com\/wp-content\/uploads\/2025\/08\/WhatsApp-Image-2025-05-18-at-22.11.04.jpeg\" \/>\n\t<meta property=\"og:image:width\" content=\"800\" \/>\n\t<meta property=\"og:image:height\" content=\"800\" \/>\n\t<meta property=\"og:image:type\" content=\"image\/jpeg\" \/>\n<meta name=\"twitter:card\" content=\"summary_large_image\" \/>\n<meta name=\"twitter:label1\" content=\"Dur\u00e9e de lecture estim\u00e9e\" \/>\n\t<meta name=\"twitter:data1\" content=\"1 minute\" \/>\n<script type=\"application\/ld+json\" class=\"yoast-schema-graph\">{\"@context\":\"https:\/\/schema.org\",\"@graph\":[{\"@type\":\"WebPage\",\"@id\":\"https:\/\/samanuisette.com\/?product=rouge-provocante\",\"url\":\"https:\/\/samanuisette.com\/?product=rouge-provocante\",\"name\":\"Ensemble blanc transparent avec slip et long.\",\"isPartOf\":{\"@id\":\"https:\/\/samanuisette.com\/#website\"},\"primaryImageOfPage\":{\"@id\":\"https:\/\/samanuisette.com\/?product=rouge-provocante#primaryimage\"},\"image\":{\"@id\":\"https:\/\/samanuisette.com\/?product=rouge-provocante#primaryimage\"},\"thumbnailUrl\":\"https:\/\/samanuisette.com\/wp-content\/uploads\/2025\/08\/WhatsApp-Image-2025-05-18-at-22.11.04.jpeg\",\"datePublished\":\"2025-08-21T14:29:54+00:00\",\"dateModified\":\"2026-04-01T10:51:32+00:00\",\"description\":\"Ensemble blanc transparent avec slip et long gilet. Douceur, charme et sensualit\u00e9 r\u00e9unis pour sublimer votre allure. Disponible chez Sama Nuisette S\u00e9n\u00e9gal\",\"breadcrumb\":{\"@id\":\"https:\/\/samanuisette.com\/?product=rouge-provocante#breadcrumb\"},\"inLanguage\":\"fr-FR\",\"potentialAction\":[{\"@type\":\"ReadAction\",\"target\":[\"https:\/\/samanuisette.com\/?product=rouge-provocante\"]}]},{\"@type\":\"ImageObject\",\"inLanguage\":\"fr-FR\",\"@id\":\"https:\/\/samanuisette.com\/?product=rouge-provocante#primaryimage\",\"url\":\"https:\/\/samanuisette.com\/wp-content\/uploads\/2025\/08\/WhatsApp-Image-2025-05-18-at-22.11.04.jpeg\",\"contentUrl\":\"https:\/\/samanuisette.com\/wp-content\/uploads\/2025\/08\/WhatsApp-Image-2025-05-18-at-22.11.04.jpeg\",\"width\":800,\"height\":800},{\"@type\":\"BreadcrumbList\",\"@id\":\"https:\/\/samanuisette.com\/?product=rouge-provocante#breadcrumb\",\"itemListElement\":[{\"@type\":\"ListItem\",\"position\":1,\"name\":\"Accueil\",\"item\":\"https:\/\/samanuisette.com\/\"},{\"@type\":\"ListItem\",\"position\":2,\"name\":\"Boutique\",\"item\":\"https:\/\/samanuisette.com\/?page_id=1005\"},{\"@type\":\"ListItem\",\"position\":3,\"name\":\"Rouge Provocante\"}]},{\"@type\":\"WebSite\",\"@id\":\"https:\/\/samanuisette.com\/#website\",\"url\":\"https:\/\/samanuisette.com\/\",\"name\":\"Samanuisette\",\"description\":\"\",\"potentialAction\":[{\"@type\":\"SearchAction\",\"target\":{\"@type\":\"EntryPoint\",\"urlTemplate\":\"https:\/\/samanuisette.com\/?s={search_term_string}\"},\"query-input\":{\"@type\":\"PropertyValueSpecification\",\"valueRequired\":true,\"valueName\":\"search_term_string\"}}],\"inLanguage\":\"fr-FR\"}]}<\/script>\n<!-- \/ Yoast SEO plugin. -->","yoast_head_json":{"title":"Ensemble blanc transparent avec slip et long.","description":"Ensemble blanc transparent avec slip et long gilet. Douceur, charme et sensualit\u00e9 r\u00e9unis pour sublimer votre allure. Disponible chez Sama Nuisette S\u00e9n\u00e9gal","robots":{"index":"index","follow":"follow","max-snippet":"max-snippet:-1","max-image-preview":"max-image-preview:large","max-video-preview":"max-video-preview:-1"},"canonical":"https:\/\/samanuisette.com\/?product=rouge-provocante","og_locale":"fr_FR","og_type":"article","og_title":"Ensemble blanc transparent avec slip et long.","og_description":"Ensemble blanc transparent avec slip et long gilet. Douceur, charme et sensualit\u00e9 r\u00e9unis pour sublimer votre allure. Disponible chez Sama Nuisette S\u00e9n\u00e9gal","og_url":"https:\/\/samanuisette.com\/?product=rouge-provocante","og_site_name":"Samanuisette","article_modified_time":"2026-04-01T10:51:32+00:00","og_image":[{"width":800,"height":800,"url":"https:\/\/samanuisette.com\/wp-content\/uploads\/2025\/08\/WhatsApp-Image-2025-05-18-at-22.11.04.jpeg","type":"image\/jpeg"}],"twitter_card":"summary_large_image","twitter_misc":{"Dur\u00e9e de lecture estim\u00e9e":"1 minute"},"schema":{"@context":"https:\/\/schema.org","@graph":[{"@type":"WebPage","@id":"https:\/\/samanuisette.com\/?product=rouge-provocante","url":"https:\/\/samanuisette.com\/?product=rouge-provocante","name":"Ensemble blanc transparent avec slip et long.","isPartOf":{"@id":"https:\/\/samanuisette.com\/#website"},"primaryImageOfPage":{"@id":"https:\/\/samanuisette.com\/?product=rouge-provocante#primaryimage"},"image":{"@id":"https:\/\/samanuisette.com\/?product=rouge-provocante#primaryimage"},"thumbnailUrl":"https:\/\/samanuisette.com\/wp-content\/uploads\/2025\/08\/WhatsApp-Image-2025-05-18-at-22.11.04.jpeg","datePublished":"2025-08-21T14:29:54+00:00","dateModified":"2026-04-01T10:51:32+00:00","description":"Ensemble blanc transparent avec slip et long gilet. Douceur, charme et sensualit\u00e9 r\u00e9unis pour sublimer votre allure. Disponible chez Sama Nuisette S\u00e9n\u00e9gal","breadcrumb":{"@id":"https:\/\/samanuisette.com\/?product=rouge-provocante#breadcrumb"},"inLanguage":"fr-FR","potentialAction":[{"@type":"ReadAction","target":["https:\/\/samanuisette.com\/?product=rouge-provocante"]}]},{"@type":"ImageObject","inLanguage":"fr-FR","@id":"https:\/\/samanuisette.com\/?product=rouge-provocante#primaryimage","url":"https:\/\/samanuisette.com\/wp-content\/uploads\/2025\/08\/WhatsApp-Image-2025-05-18-at-22.11.04.jpeg","contentUrl":"https:\/\/samanuisette.com\/wp-content\/uploads\/2025\/08\/WhatsApp-Image-2025-05-18-at-22.11.04.jpeg","width":800,"height":800},{"@type":"BreadcrumbList","@id":"https:\/\/samanuisette.com\/?product=rouge-provocante#breadcrumb","itemListElement":[{"@type":"ListItem","position":1,"name":"Accueil","item":"https:\/\/samanuisette.com\/"},{"@type":"ListItem","position":2,"name":"Boutique","item":"https:\/\/samanuisette.com\/?page_id=1005"},{"@type":"ListItem","position":3,"name":"Rouge Provocante"}]},{"@type":"WebSite","@id":"https:\/\/samanuisette.com\/#website","url":"https:\/\/samanuisette.com\/","name":"Samanuisette","description":"","potentialAction":[{"@type":"SearchAction","target":{"@type":"EntryPoint","urlTemplate":"https:\/\/samanuisette.com\/?s={search_term_string}"},"query-input":{"@type":"PropertyValueSpecification","valueRequired":true,"valueName":"search_term_string"}}],"inLanguage":"fr-FR"}]}},"_links":{"self":[{"href":"https:\/\/samanuisette.com\/index.php?rest_route=\/wp\/v2\/product\/1557","targetHints":{"allow":["GET"]}}],"collection":[{"href":"https:\/\/samanuisette.com\/index.php?rest_route=\/wp\/v2\/product"}],"about":[{"href":"https:\/\/samanuisette.com\/index.php?rest_route=\/wp\/v2\/types\/product"}],"replies":[{"embeddable":true,"href":"https:\/\/samanuisette.com\/index.php?rest_route=%2Fwp%2Fv2%2Fcomments&post=1557"}],"wp:featuredmedia":[{"embeddable":true,"href":"https:\/\/samanuisette.com\/index.php?rest_route=\/wp\/v2\/media\/1408"}],"wp:attachment":[{"href":"https:\/\/samanuisette.com\/index.php?rest_route=%2Fwp%2Fv2%2Fmedia&parent=1557"}],"wp:term":[{"taxonomy":"product_brand","embeddable":true,"href":"https:\/\/samanuisette.com\/index.php?rest_route=%2Fwp%2Fv2%2Fproduct_brand&post=1557"},{"taxonomy":"product_cat","embeddable":true,"href":"https:\/\/samanuisette.com\/index.php?rest_route=%2Fwp%2Fv2%2Fproduct_cat&post=1557"},{"taxonomy":"product_tag","embeddable":true,"href":"https:\/\/samanuisette.com\/index.php?rest_route=%2Fwp%2Fv2%2Fproduct_tag&post=1557"}],"curies":[{"name":"wp","href":"https:\/\/api.w.org\/{rel}","templated":true}]}}