{"id":1573,"date":"2025-08-21T16:13:37","date_gmt":"2025-08-21T16:13:37","guid":{"rendered":"https:\/\/samanuisette.com\/?post_type=product&#038;p=1573"},"modified":"2026-04-01T10:51:14","modified_gmt":"2026-04-01T10:51:14","slug":"rouge-confidence","status":"publish","type":"product","link":"https:\/\/samanuisette.com\/?product=rouge-confidence","title":{"rendered":"dentelle respirante"},"content":{"rendered":"","protected":false},"excerpt":{"rendered":"","protected":false},"featured_media":1754,"comment_status":"open","ping_status":"closed","template":"","meta":{"_joinchat":[]},"product_brand":[],"product_cat":[115],"product_tag":[],"class_list":{"0":"post-1573","1":"product","2":"type-product","3":"status-publish","4":"has-post-thumbnail","6":"product_cat-ensembles-irresistibles","8":"first","9":"instock","10":"sale","11":"shipping-taxable","12":"purchasable","13":"product-type-simple"},"yoast_head":"<!-- This site is optimized with the Yoast SEO plugin v25.8 - https:\/\/yoast.com\/wordpress\/plugins\/seo\/ -->\n<title>Ensemble noir transparent avec slip et long gilet.<\/title>\n<meta name=\"description\" content=\"Ensemble noir transparent avec slip et long gilet. Douceur, charme et sensualit\u00e9 r\u00e9unis pour sublimer votre allure. Nuisette S\u00e9n\u00e9gal \ud83e\udd0d\" \/>\n<meta name=\"robots\" content=\"index, follow, max-snippet:-1, max-image-preview:large, max-video-preview:-1\" \/>\n<link rel=\"canonical\" href=\"https:\/\/samanuisette.com\/?product=rouge-confidence\" \/>\n<meta property=\"og:locale\" content=\"fr_FR\" \/>\n<meta property=\"og:type\" content=\"article\" \/>\n<meta property=\"og:title\" content=\"Ensemble noir transparent avec slip et long gilet.\" \/>\n<meta property=\"og:description\" content=\"Ensemble noir transparent avec slip et long gilet. Douceur, charme et sensualit\u00e9 r\u00e9unis pour sublimer votre allure. Nuisette S\u00e9n\u00e9gal \ud83e\udd0d\" \/>\n<meta property=\"og:url\" content=\"https:\/\/samanuisette.com\/?product=rouge-confidence\" \/>\n<meta property=\"og:site_name\" content=\"Samanuisette\" \/>\n<meta property=\"article:modified_time\" content=\"2026-04-01T10:51:14+00:00\" \/>\n<meta name=\"twitter:card\" content=\"summary_large_image\" \/>\n<meta name=\"twitter:label1\" content=\"Dur\u00e9e de lecture estim\u00e9e\" \/>\n\t<meta name=\"twitter:data1\" content=\"1 minute\" \/>\n<script type=\"application\/ld+json\" class=\"yoast-schema-graph\">{\"@context\":\"https:\/\/schema.org\",\"@graph\":[{\"@type\":\"WebPage\",\"@id\":\"https:\/\/samanuisette.com\/?product=rouge-confidence\",\"url\":\"https:\/\/samanuisette.com\/?product=rouge-confidence\",\"name\":\"Ensemble noir transparent avec slip et long gilet.\",\"isPartOf\":{\"@id\":\"https:\/\/samanuisette.com\/#website\"},\"primaryImageOfPage\":{\"@id\":\"https:\/\/samanuisette.com\/?product=rouge-confidence#primaryimage\"},\"image\":{\"@id\":\"https:\/\/samanuisette.com\/?product=rouge-confidence#primaryimage\"},\"thumbnailUrl\":\"https:\/\/samanuisette.com\/wp-content\/uploads\/2025\/08\/Hbef6ddec33e44f3eb1f2cb7f3c944182b.avif\",\"datePublished\":\"2025-08-21T16:13:37+00:00\",\"dateModified\":\"2026-04-01T10:51:14+00:00\",\"description\":\"Ensemble noir transparent avec slip et long gilet. Douceur, charme et sensualit\u00e9 r\u00e9unis pour sublimer votre allure. Nuisette S\u00e9n\u00e9gal \ud83e\udd0d\",\"breadcrumb\":{\"@id\":\"https:\/\/samanuisette.com\/?product=rouge-confidence#breadcrumb\"},\"inLanguage\":\"fr-FR\",\"potentialAction\":[{\"@type\":\"ReadAction\",\"target\":[\"https:\/\/samanuisette.com\/?product=rouge-confidence\"]}]},{\"@type\":\"ImageObject\",\"inLanguage\":\"fr-FR\",\"@id\":\"https:\/\/samanuisette.com\/?product=rouge-confidence#primaryimage\",\"url\":\"https:\/\/samanuisette.com\/wp-content\/uploads\/2025\/08\/Hbef6ddec33e44f3eb1f2cb7f3c944182b.avif\",\"contentUrl\":\"https:\/\/samanuisette.com\/wp-content\/uploads\/2025\/08\/Hbef6ddec33e44f3eb1f2cb7f3c944182b.avif\",\"width\":800,\"height\":800},{\"@type\":\"BreadcrumbList\",\"@id\":\"https:\/\/samanuisette.com\/?product=rouge-confidence#breadcrumb\",\"itemListElement\":[{\"@type\":\"ListItem\",\"position\":1,\"name\":\"Accueil\",\"item\":\"https:\/\/samanuisette.com\/\"},{\"@type\":\"ListItem\",\"position\":2,\"name\":\"Boutique\",\"item\":\"https:\/\/samanuisette.com\/?page_id=1005\"},{\"@type\":\"ListItem\",\"position\":3,\"name\":\"dentelle respirante\"}]},{\"@type\":\"WebSite\",\"@id\":\"https:\/\/samanuisette.com\/#website\",\"url\":\"https:\/\/samanuisette.com\/\",\"name\":\"Samanuisette\",\"description\":\"\",\"potentialAction\":[{\"@type\":\"SearchAction\",\"target\":{\"@type\":\"EntryPoint\",\"urlTemplate\":\"https:\/\/samanuisette.com\/?s={search_term_string}\"},\"query-input\":{\"@type\":\"PropertyValueSpecification\",\"valueRequired\":true,\"valueName\":\"search_term_string\"}}],\"inLanguage\":\"fr-FR\"}]}<\/script>\n<!-- \/ Yoast SEO plugin. -->","yoast_head_json":{"title":"Ensemble noir transparent avec slip et long gilet.","description":"Ensemble noir transparent avec slip et long gilet. Douceur, charme et sensualit\u00e9 r\u00e9unis pour sublimer votre allure. Nuisette S\u00e9n\u00e9gal \ud83e\udd0d","robots":{"index":"index","follow":"follow","max-snippet":"max-snippet:-1","max-image-preview":"max-image-preview:large","max-video-preview":"max-video-preview:-1"},"canonical":"https:\/\/samanuisette.com\/?product=rouge-confidence","og_locale":"fr_FR","og_type":"article","og_title":"Ensemble noir transparent avec slip et long gilet.","og_description":"Ensemble noir transparent avec slip et long gilet. Douceur, charme et sensualit\u00e9 r\u00e9unis pour sublimer votre allure. Nuisette S\u00e9n\u00e9gal \ud83e\udd0d","og_url":"https:\/\/samanuisette.com\/?product=rouge-confidence","og_site_name":"Samanuisette","article_modified_time":"2026-04-01T10:51:14+00:00","twitter_card":"summary_large_image","twitter_misc":{"Dur\u00e9e de lecture estim\u00e9e":"1 minute"},"schema":{"@context":"https:\/\/schema.org","@graph":[{"@type":"WebPage","@id":"https:\/\/samanuisette.com\/?product=rouge-confidence","url":"https:\/\/samanuisette.com\/?product=rouge-confidence","name":"Ensemble noir transparent avec slip et long gilet.","isPartOf":{"@id":"https:\/\/samanuisette.com\/#website"},"primaryImageOfPage":{"@id":"https:\/\/samanuisette.com\/?product=rouge-confidence#primaryimage"},"image":{"@id":"https:\/\/samanuisette.com\/?product=rouge-confidence#primaryimage"},"thumbnailUrl":"https:\/\/samanuisette.com\/wp-content\/uploads\/2025\/08\/Hbef6ddec33e44f3eb1f2cb7f3c944182b.avif","datePublished":"2025-08-21T16:13:37+00:00","dateModified":"2026-04-01T10:51:14+00:00","description":"Ensemble noir transparent avec slip et long gilet. Douceur, charme et sensualit\u00e9 r\u00e9unis pour sublimer votre allure. Nuisette S\u00e9n\u00e9gal \ud83e\udd0d","breadcrumb":{"@id":"https:\/\/samanuisette.com\/?product=rouge-confidence#breadcrumb"},"inLanguage":"fr-FR","potentialAction":[{"@type":"ReadAction","target":["https:\/\/samanuisette.com\/?product=rouge-confidence"]}]},{"@type":"ImageObject","inLanguage":"fr-FR","@id":"https:\/\/samanuisette.com\/?product=rouge-confidence#primaryimage","url":"https:\/\/samanuisette.com\/wp-content\/uploads\/2025\/08\/Hbef6ddec33e44f3eb1f2cb7f3c944182b.avif","contentUrl":"https:\/\/samanuisette.com\/wp-content\/uploads\/2025\/08\/Hbef6ddec33e44f3eb1f2cb7f3c944182b.avif","width":800,"height":800},{"@type":"BreadcrumbList","@id":"https:\/\/samanuisette.com\/?product=rouge-confidence#breadcrumb","itemListElement":[{"@type":"ListItem","position":1,"name":"Accueil","item":"https:\/\/samanuisette.com\/"},{"@type":"ListItem","position":2,"name":"Boutique","item":"https:\/\/samanuisette.com\/?page_id=1005"},{"@type":"ListItem","position":3,"name":"dentelle respirante"}]},{"@type":"WebSite","@id":"https:\/\/samanuisette.com\/#website","url":"https:\/\/samanuisette.com\/","name":"Samanuisette","description":"","potentialAction":[{"@type":"SearchAction","target":{"@type":"EntryPoint","urlTemplate":"https:\/\/samanuisette.com\/?s={search_term_string}"},"query-input":{"@type":"PropertyValueSpecification","valueRequired":true,"valueName":"search_term_string"}}],"inLanguage":"fr-FR"}]}},"_links":{"self":[{"href":"https:\/\/samanuisette.com\/index.php?rest_route=\/wp\/v2\/product\/1573","targetHints":{"allow":["GET"]}}],"collection":[{"href":"https:\/\/samanuisette.com\/index.php?rest_route=\/wp\/v2\/product"}],"about":[{"href":"https:\/\/samanuisette.com\/index.php?rest_route=\/wp\/v2\/types\/product"}],"replies":[{"embeddable":true,"href":"https:\/\/samanuisette.com\/index.php?rest_route=%2Fwp%2Fv2%2Fcomments&post=1573"}],"wp:featuredmedia":[{"embeddable":true,"href":"https:\/\/samanuisette.com\/index.php?rest_route=\/wp\/v2\/media\/1754"}],"wp:attachment":[{"href":"https:\/\/samanuisette.com\/index.php?rest_route=%2Fwp%2Fv2%2Fmedia&parent=1573"}],"wp:term":[{"taxonomy":"product_brand","embeddable":true,"href":"https:\/\/samanuisette.com\/index.php?rest_route=%2Fwp%2Fv2%2Fproduct_brand&post=1573"},{"taxonomy":"product_cat","embeddable":true,"href":"https:\/\/samanuisette.com\/index.php?rest_route=%2Fwp%2Fv2%2Fproduct_cat&post=1573"},{"taxonomy":"product_tag","embeddable":true,"href":"https:\/\/samanuisette.com\/index.php?rest_route=%2Fwp%2Fv2%2Fproduct_tag&post=1573"}],"curies":[{"name":"wp","href":"https:\/\/api.w.org\/{rel}","templated":true}]}}