{"id":1589,"date":"2025-08-21T17:04:35","date_gmt":"2025-08-21T17:04:35","guid":{"rendered":"https:\/\/samanuisette.com\/?post_type=product&#038;p=1589"},"modified":"2026-04-04T21:02:15","modified_gmt":"2026-04-04T21:02:15","slug":"dentelle-blanche","status":"publish","type":"product","link":"https:\/\/samanuisette.com\/?product=dentelle-blanche","title":{"rendered":"x_ Rouge D\u00e9sir"},"content":{"rendered":"","protected":false},"excerpt":{"rendered":"","protected":false},"featured_media":2082,"comment_status":"open","ping_status":"closed","template":"","meta":{"_joinchat":[]},"product_brand":[],"product_cat":[115],"product_tag":[],"class_list":{"0":"post-1589","1":"product","2":"type-product","3":"status-publish","4":"has-post-thumbnail","6":"product_cat-ensembles-irresistibles","8":"first","9":"outofstock","10":"sale","11":"shipping-taxable","12":"purchasable","13":"product-type-simple"},"yoast_head":"<!-- This site is optimized with the Yoast SEO plugin v25.8 - https:\/\/yoast.com\/wordpress\/plugins\/seo\/ -->\n<title>nuisettes longues agr\u00e9ment\u00e9es de dentelle<\/title>\n<meta name=\"description\" content=\"La nuisette souligne les formes sans trop en faire et flatte les courbes. C\u2019est un atout pour toutes les silhouettes qui peuvent selon la morphologie, jouer sur un d\u00e9collet\u00e9 plus ou moins profond et une longueur adapt\u00e9e.\" \/>\n<meta name=\"robots\" content=\"index, follow, max-snippet:-1, max-image-preview:large, max-video-preview:-1\" \/>\n<link rel=\"canonical\" href=\"https:\/\/samanuisette.com\/?product=dentelle-blanche\" \/>\n<meta property=\"og:locale\" content=\"fr_FR\" \/>\n<meta property=\"og:type\" content=\"article\" \/>\n<meta property=\"og:title\" content=\"nuisettes longues agr\u00e9ment\u00e9es de dentelle\" \/>\n<meta property=\"og:description\" content=\"La nuisette souligne les formes sans trop en faire et flatte les courbes. C\u2019est un atout pour toutes les silhouettes qui peuvent selon la morphologie, jouer sur un d\u00e9collet\u00e9 plus ou moins profond et une longueur adapt\u00e9e.\" \/>\n<meta property=\"og:url\" content=\"https:\/\/samanuisette.com\/?product=dentelle-blanche\" \/>\n<meta property=\"og:site_name\" content=\"Samanuisette\" \/>\n<meta property=\"article:modified_time\" content=\"2026-04-04T21:02:15+00:00\" \/>\n<meta property=\"og:image\" content=\"https:\/\/samanuisette.com\/wp-content\/uploads\/2025\/08\/H7e172b47bdab41e986107dc0732c0ee7E.jpg\" \/>\n\t<meta property=\"og:image:width\" content=\"1200\" \/>\n\t<meta property=\"og:image:height\" content=\"1200\" \/>\n\t<meta property=\"og:image:type\" content=\"image\/jpeg\" \/>\n<meta name=\"twitter:card\" content=\"summary_large_image\" \/>\n<meta name=\"twitter:label1\" content=\"Dur\u00e9e de lecture estim\u00e9e\" \/>\n\t<meta name=\"twitter:data1\" content=\"1 minute\" \/>\n<script type=\"application\/ld+json\" class=\"yoast-schema-graph\">{\"@context\":\"https:\/\/schema.org\",\"@graph\":[{\"@type\":\"WebPage\",\"@id\":\"https:\/\/samanuisette.com\/?product=dentelle-blanche\",\"url\":\"https:\/\/samanuisette.com\/?product=dentelle-blanche\",\"name\":\"nuisettes longues agr\u00e9ment\u00e9es de dentelle\",\"isPartOf\":{\"@id\":\"https:\/\/samanuisette.com\/#website\"},\"primaryImageOfPage\":{\"@id\":\"https:\/\/samanuisette.com\/?product=dentelle-blanche#primaryimage\"},\"image\":{\"@id\":\"https:\/\/samanuisette.com\/?product=dentelle-blanche#primaryimage\"},\"thumbnailUrl\":\"https:\/\/samanuisette.com\/wp-content\/uploads\/2025\/08\/H7e172b47bdab41e986107dc0732c0ee7E.jpg\",\"datePublished\":\"2025-08-21T17:04:35+00:00\",\"dateModified\":\"2026-04-04T21:02:15+00:00\",\"description\":\"La nuisette souligne les formes sans trop en faire et flatte les courbes. C\u2019est un atout pour toutes les silhouettes qui peuvent selon la morphologie, jouer sur un d\u00e9collet\u00e9 plus ou moins profond et une longueur adapt\u00e9e.\",\"breadcrumb\":{\"@id\":\"https:\/\/samanuisette.com\/?product=dentelle-blanche#breadcrumb\"},\"inLanguage\":\"fr-FR\",\"potentialAction\":[{\"@type\":\"ReadAction\",\"target\":[\"https:\/\/samanuisette.com\/?product=dentelle-blanche\"]}]},{\"@type\":\"ImageObject\",\"inLanguage\":\"fr-FR\",\"@id\":\"https:\/\/samanuisette.com\/?product=dentelle-blanche#primaryimage\",\"url\":\"https:\/\/samanuisette.com\/wp-content\/uploads\/2025\/08\/H7e172b47bdab41e986107dc0732c0ee7E.jpg\",\"contentUrl\":\"https:\/\/samanuisette.com\/wp-content\/uploads\/2025\/08\/H7e172b47bdab41e986107dc0732c0ee7E.jpg\",\"width\":1200,\"height\":1200},{\"@type\":\"BreadcrumbList\",\"@id\":\"https:\/\/samanuisette.com\/?product=dentelle-blanche#breadcrumb\",\"itemListElement\":[{\"@type\":\"ListItem\",\"position\":1,\"name\":\"Accueil\",\"item\":\"https:\/\/samanuisette.com\/\"},{\"@type\":\"ListItem\",\"position\":2,\"name\":\"Boutique\",\"item\":\"https:\/\/samanuisette.com\/?page_id=1005\"},{\"@type\":\"ListItem\",\"position\":3,\"name\":\"x_ Rouge D\u00e9sir\"}]},{\"@type\":\"WebSite\",\"@id\":\"https:\/\/samanuisette.com\/#website\",\"url\":\"https:\/\/samanuisette.com\/\",\"name\":\"Samanuisette\",\"description\":\"\",\"potentialAction\":[{\"@type\":\"SearchAction\",\"target\":{\"@type\":\"EntryPoint\",\"urlTemplate\":\"https:\/\/samanuisette.com\/?s={search_term_string}\"},\"query-input\":{\"@type\":\"PropertyValueSpecification\",\"valueRequired\":true,\"valueName\":\"search_term_string\"}}],\"inLanguage\":\"fr-FR\"}]}<\/script>\n<!-- \/ Yoast SEO plugin. -->","yoast_head_json":{"title":"nuisettes longues agr\u00e9ment\u00e9es de dentelle","description":"La nuisette souligne les formes sans trop en faire et flatte les courbes. C\u2019est un atout pour toutes les silhouettes qui peuvent selon la morphologie, jouer sur un d\u00e9collet\u00e9 plus ou moins profond et une longueur adapt\u00e9e.","robots":{"index":"index","follow":"follow","max-snippet":"max-snippet:-1","max-image-preview":"max-image-preview:large","max-video-preview":"max-video-preview:-1"},"canonical":"https:\/\/samanuisette.com\/?product=dentelle-blanche","og_locale":"fr_FR","og_type":"article","og_title":"nuisettes longues agr\u00e9ment\u00e9es de dentelle","og_description":"La nuisette souligne les formes sans trop en faire et flatte les courbes. C\u2019est un atout pour toutes les silhouettes qui peuvent selon la morphologie, jouer sur un d\u00e9collet\u00e9 plus ou moins profond et une longueur adapt\u00e9e.","og_url":"https:\/\/samanuisette.com\/?product=dentelle-blanche","og_site_name":"Samanuisette","article_modified_time":"2026-04-04T21:02:15+00:00","og_image":[{"width":1200,"height":1200,"url":"https:\/\/samanuisette.com\/wp-content\/uploads\/2025\/08\/H7e172b47bdab41e986107dc0732c0ee7E.jpg","type":"image\/jpeg"}],"twitter_card":"summary_large_image","twitter_misc":{"Dur\u00e9e de lecture estim\u00e9e":"1 minute"},"schema":{"@context":"https:\/\/schema.org","@graph":[{"@type":"WebPage","@id":"https:\/\/samanuisette.com\/?product=dentelle-blanche","url":"https:\/\/samanuisette.com\/?product=dentelle-blanche","name":"nuisettes longues agr\u00e9ment\u00e9es de dentelle","isPartOf":{"@id":"https:\/\/samanuisette.com\/#website"},"primaryImageOfPage":{"@id":"https:\/\/samanuisette.com\/?product=dentelle-blanche#primaryimage"},"image":{"@id":"https:\/\/samanuisette.com\/?product=dentelle-blanche#primaryimage"},"thumbnailUrl":"https:\/\/samanuisette.com\/wp-content\/uploads\/2025\/08\/H7e172b47bdab41e986107dc0732c0ee7E.jpg","datePublished":"2025-08-21T17:04:35+00:00","dateModified":"2026-04-04T21:02:15+00:00","description":"La nuisette souligne les formes sans trop en faire et flatte les courbes. C\u2019est un atout pour toutes les silhouettes qui peuvent selon la morphologie, jouer sur un d\u00e9collet\u00e9 plus ou moins profond et une longueur adapt\u00e9e.","breadcrumb":{"@id":"https:\/\/samanuisette.com\/?product=dentelle-blanche#breadcrumb"},"inLanguage":"fr-FR","potentialAction":[{"@type":"ReadAction","target":["https:\/\/samanuisette.com\/?product=dentelle-blanche"]}]},{"@type":"ImageObject","inLanguage":"fr-FR","@id":"https:\/\/samanuisette.com\/?product=dentelle-blanche#primaryimage","url":"https:\/\/samanuisette.com\/wp-content\/uploads\/2025\/08\/H7e172b47bdab41e986107dc0732c0ee7E.jpg","contentUrl":"https:\/\/samanuisette.com\/wp-content\/uploads\/2025\/08\/H7e172b47bdab41e986107dc0732c0ee7E.jpg","width":1200,"height":1200},{"@type":"BreadcrumbList","@id":"https:\/\/samanuisette.com\/?product=dentelle-blanche#breadcrumb","itemListElement":[{"@type":"ListItem","position":1,"name":"Accueil","item":"https:\/\/samanuisette.com\/"},{"@type":"ListItem","position":2,"name":"Boutique","item":"https:\/\/samanuisette.com\/?page_id=1005"},{"@type":"ListItem","position":3,"name":"x_ Rouge D\u00e9sir"}]},{"@type":"WebSite","@id":"https:\/\/samanuisette.com\/#website","url":"https:\/\/samanuisette.com\/","name":"Samanuisette","description":"","potentialAction":[{"@type":"SearchAction","target":{"@type":"EntryPoint","urlTemplate":"https:\/\/samanuisette.com\/?s={search_term_string}"},"query-input":{"@type":"PropertyValueSpecification","valueRequired":true,"valueName":"search_term_string"}}],"inLanguage":"fr-FR"}]}},"_links":{"self":[{"href":"https:\/\/samanuisette.com\/index.php?rest_route=\/wp\/v2\/product\/1589","targetHints":{"allow":["GET"]}}],"collection":[{"href":"https:\/\/samanuisette.com\/index.php?rest_route=\/wp\/v2\/product"}],"about":[{"href":"https:\/\/samanuisette.com\/index.php?rest_route=\/wp\/v2\/types\/product"}],"replies":[{"embeddable":true,"href":"https:\/\/samanuisette.com\/index.php?rest_route=%2Fwp%2Fv2%2Fcomments&post=1589"}],"wp:featuredmedia":[{"embeddable":true,"href":"https:\/\/samanuisette.com\/index.php?rest_route=\/wp\/v2\/media\/2082"}],"wp:attachment":[{"href":"https:\/\/samanuisette.com\/index.php?rest_route=%2Fwp%2Fv2%2Fmedia&parent=1589"}],"wp:term":[{"taxonomy":"product_brand","embeddable":true,"href":"https:\/\/samanuisette.com\/index.php?rest_route=%2Fwp%2Fv2%2Fproduct_brand&post=1589"},{"taxonomy":"product_cat","embeddable":true,"href":"https:\/\/samanuisette.com\/index.php?rest_route=%2Fwp%2Fv2%2Fproduct_cat&post=1589"},{"taxonomy":"product_tag","embeddable":true,"href":"https:\/\/samanuisette.com\/index.php?rest_route=%2Fwp%2Fv2%2Fproduct_tag&post=1589"}],"curies":[{"name":"wp","href":"https:\/\/api.w.org\/{rel}","templated":true}]}}