{"id":1640,"date":"2025-08-26T09:48:10","date_gmt":"2025-08-26T09:48:10","guid":{"rendered":"https:\/\/samanuisette.com\/?post_type=product&#038;p=1640"},"modified":"2026-02-21T11:46:21","modified_gmt":"2026-02-21T11:46:21","slug":"pure-tentation","status":"publish","type":"product","link":"https:\/\/samanuisette.com\/?product=pure-tentation","title":{"rendered":"Pure Tentation"},"content":{"rendered":"","protected":false},"excerpt":{"rendered":"","protected":false},"featured_media":1632,"comment_status":"open","ping_status":"closed","template":"","meta":{"_joinchat":[]},"product_brand":[],"product_cat":[112],"product_tag":[],"class_list":{"0":"post-1640","1":"product","2":"type-product","3":"status-publish","4":"has-post-thumbnail","6":"product_cat-lingerie-sexy","8":"first","9":"instock","10":"sale","11":"shipping-taxable","12":"purchasable","13":"product-type-simple"},"yoast_head":"<!-- This site is optimized with the Yoast SEO plugin v25.8 - https:\/\/yoast.com\/wordpress\/plugins\/seo\/ -->\n<title>Ensemble Lingerie 3 Pi\u00e8ces | Sama Nuisette S\u00e9n\u00e9gal<\/title>\n<meta name=\"description\" content=\"Ensemble lingerie 3 pi\u00e8ces: slip, soutien et jarretelles pour un look irr\u00e9sistible. Confort et sensualit\u00e9 r\u00e9unis chez Sama Nuisette S\u00e9n\u00e9gal\" \/>\n<meta name=\"robots\" content=\"index, follow, max-snippet:-1, max-image-preview:large, max-video-preview:-1\" \/>\n<link rel=\"canonical\" href=\"https:\/\/samanuisette.com\/?product=pure-tentation\" \/>\n<meta property=\"og:locale\" content=\"fr_FR\" \/>\n<meta property=\"og:type\" content=\"article\" \/>\n<meta property=\"og:title\" content=\"Ensemble Lingerie 3 Pi\u00e8ces | Sama Nuisette S\u00e9n\u00e9gal\" \/>\n<meta property=\"og:description\" content=\"Ensemble lingerie 3 pi\u00e8ces: slip, soutien et jarretelles pour un look irr\u00e9sistible. Confort et sensualit\u00e9 r\u00e9unis chez Sama Nuisette S\u00e9n\u00e9gal\" \/>\n<meta property=\"og:url\" content=\"https:\/\/samanuisette.com\/?product=pure-tentation\" \/>\n<meta property=\"og:site_name\" content=\"Samanuisette\" \/>\n<meta property=\"article:modified_time\" content=\"2026-02-21T11:46:21+00:00\" \/>\n<meta property=\"og:image\" content=\"https:\/\/samanuisette.com\/wp-content\/uploads\/2025\/08\/b47e76aa-b459-4f09-ab4e-ce1d8e32facf.jpg\" \/>\n\t<meta property=\"og:image:width\" content=\"1080\" \/>\n\t<meta property=\"og:image:height\" content=\"1080\" \/>\n\t<meta property=\"og:image:type\" content=\"image\/jpeg\" \/>\n<meta name=\"twitter:card\" content=\"summary_large_image\" \/>\n<meta name=\"twitter:label1\" content=\"Dur\u00e9e de lecture estim\u00e9e\" \/>\n\t<meta name=\"twitter:data1\" content=\"1 minute\" \/>\n<script type=\"application\/ld+json\" class=\"yoast-schema-graph\">{\"@context\":\"https:\/\/schema.org\",\"@graph\":[{\"@type\":\"WebPage\",\"@id\":\"https:\/\/samanuisette.com\/?product=pure-tentation\",\"url\":\"https:\/\/samanuisette.com\/?product=pure-tentation\",\"name\":\"Ensemble Lingerie 3 Pi\u00e8ces | Sama Nuisette S\u00e9n\u00e9gal\",\"isPartOf\":{\"@id\":\"https:\/\/samanuisette.com\/#website\"},\"primaryImageOfPage\":{\"@id\":\"https:\/\/samanuisette.com\/?product=pure-tentation#primaryimage\"},\"image\":{\"@id\":\"https:\/\/samanuisette.com\/?product=pure-tentation#primaryimage\"},\"thumbnailUrl\":\"https:\/\/samanuisette.com\/wp-content\/uploads\/2025\/08\/b47e76aa-b459-4f09-ab4e-ce1d8e32facf.jpg\",\"datePublished\":\"2025-08-26T09:48:10+00:00\",\"dateModified\":\"2026-02-21T11:46:21+00:00\",\"description\":\"Ensemble lingerie 3 pi\u00e8ces: slip, soutien et jarretelles pour un look irr\u00e9sistible. Confort et sensualit\u00e9 r\u00e9unis chez Sama Nuisette S\u00e9n\u00e9gal\",\"breadcrumb\":{\"@id\":\"https:\/\/samanuisette.com\/?product=pure-tentation#breadcrumb\"},\"inLanguage\":\"fr-FR\",\"potentialAction\":[{\"@type\":\"ReadAction\",\"target\":[\"https:\/\/samanuisette.com\/?product=pure-tentation\"]}]},{\"@type\":\"ImageObject\",\"inLanguage\":\"fr-FR\",\"@id\":\"https:\/\/samanuisette.com\/?product=pure-tentation#primaryimage\",\"url\":\"https:\/\/samanuisette.com\/wp-content\/uploads\/2025\/08\/b47e76aa-b459-4f09-ab4e-ce1d8e32facf.jpg\",\"contentUrl\":\"https:\/\/samanuisette.com\/wp-content\/uploads\/2025\/08\/b47e76aa-b459-4f09-ab4e-ce1d8e32facf.jpg\",\"width\":1080,\"height\":1080},{\"@type\":\"BreadcrumbList\",\"@id\":\"https:\/\/samanuisette.com\/?product=pure-tentation#breadcrumb\",\"itemListElement\":[{\"@type\":\"ListItem\",\"position\":1,\"name\":\"Accueil\",\"item\":\"https:\/\/samanuisette.com\/\"},{\"@type\":\"ListItem\",\"position\":2,\"name\":\"Boutique\",\"item\":\"https:\/\/samanuisette.com\/?page_id=1005\"},{\"@type\":\"ListItem\",\"position\":3,\"name\":\"Pure Tentation\"}]},{\"@type\":\"WebSite\",\"@id\":\"https:\/\/samanuisette.com\/#website\",\"url\":\"https:\/\/samanuisette.com\/\",\"name\":\"Samanuisette\",\"description\":\"\",\"potentialAction\":[{\"@type\":\"SearchAction\",\"target\":{\"@type\":\"EntryPoint\",\"urlTemplate\":\"https:\/\/samanuisette.com\/?s={search_term_string}\"},\"query-input\":{\"@type\":\"PropertyValueSpecification\",\"valueRequired\":true,\"valueName\":\"search_term_string\"}}],\"inLanguage\":\"fr-FR\"}]}<\/script>\n<!-- \/ Yoast SEO plugin. -->","yoast_head_json":{"title":"Ensemble Lingerie 3 Pi\u00e8ces | Sama Nuisette S\u00e9n\u00e9gal","description":"Ensemble lingerie 3 pi\u00e8ces: slip, soutien et jarretelles pour un look irr\u00e9sistible. Confort et sensualit\u00e9 r\u00e9unis chez Sama Nuisette S\u00e9n\u00e9gal","robots":{"index":"index","follow":"follow","max-snippet":"max-snippet:-1","max-image-preview":"max-image-preview:large","max-video-preview":"max-video-preview:-1"},"canonical":"https:\/\/samanuisette.com\/?product=pure-tentation","og_locale":"fr_FR","og_type":"article","og_title":"Ensemble Lingerie 3 Pi\u00e8ces | Sama Nuisette S\u00e9n\u00e9gal","og_description":"Ensemble lingerie 3 pi\u00e8ces: slip, soutien et jarretelles pour un look irr\u00e9sistible. Confort et sensualit\u00e9 r\u00e9unis chez Sama Nuisette S\u00e9n\u00e9gal","og_url":"https:\/\/samanuisette.com\/?product=pure-tentation","og_site_name":"Samanuisette","article_modified_time":"2026-02-21T11:46:21+00:00","og_image":[{"width":1080,"height":1080,"url":"https:\/\/samanuisette.com\/wp-content\/uploads\/2025\/08\/b47e76aa-b459-4f09-ab4e-ce1d8e32facf.jpg","type":"image\/jpeg"}],"twitter_card":"summary_large_image","twitter_misc":{"Dur\u00e9e de lecture estim\u00e9e":"1 minute"},"schema":{"@context":"https:\/\/schema.org","@graph":[{"@type":"WebPage","@id":"https:\/\/samanuisette.com\/?product=pure-tentation","url":"https:\/\/samanuisette.com\/?product=pure-tentation","name":"Ensemble Lingerie 3 Pi\u00e8ces | Sama Nuisette S\u00e9n\u00e9gal","isPartOf":{"@id":"https:\/\/samanuisette.com\/#website"},"primaryImageOfPage":{"@id":"https:\/\/samanuisette.com\/?product=pure-tentation#primaryimage"},"image":{"@id":"https:\/\/samanuisette.com\/?product=pure-tentation#primaryimage"},"thumbnailUrl":"https:\/\/samanuisette.com\/wp-content\/uploads\/2025\/08\/b47e76aa-b459-4f09-ab4e-ce1d8e32facf.jpg","datePublished":"2025-08-26T09:48:10+00:00","dateModified":"2026-02-21T11:46:21+00:00","description":"Ensemble lingerie 3 pi\u00e8ces: slip, soutien et jarretelles pour un look irr\u00e9sistible. Confort et sensualit\u00e9 r\u00e9unis chez Sama Nuisette S\u00e9n\u00e9gal","breadcrumb":{"@id":"https:\/\/samanuisette.com\/?product=pure-tentation#breadcrumb"},"inLanguage":"fr-FR","potentialAction":[{"@type":"ReadAction","target":["https:\/\/samanuisette.com\/?product=pure-tentation"]}]},{"@type":"ImageObject","inLanguage":"fr-FR","@id":"https:\/\/samanuisette.com\/?product=pure-tentation#primaryimage","url":"https:\/\/samanuisette.com\/wp-content\/uploads\/2025\/08\/b47e76aa-b459-4f09-ab4e-ce1d8e32facf.jpg","contentUrl":"https:\/\/samanuisette.com\/wp-content\/uploads\/2025\/08\/b47e76aa-b459-4f09-ab4e-ce1d8e32facf.jpg","width":1080,"height":1080},{"@type":"BreadcrumbList","@id":"https:\/\/samanuisette.com\/?product=pure-tentation#breadcrumb","itemListElement":[{"@type":"ListItem","position":1,"name":"Accueil","item":"https:\/\/samanuisette.com\/"},{"@type":"ListItem","position":2,"name":"Boutique","item":"https:\/\/samanuisette.com\/?page_id=1005"},{"@type":"ListItem","position":3,"name":"Pure Tentation"}]},{"@type":"WebSite","@id":"https:\/\/samanuisette.com\/#website","url":"https:\/\/samanuisette.com\/","name":"Samanuisette","description":"","potentialAction":[{"@type":"SearchAction","target":{"@type":"EntryPoint","urlTemplate":"https:\/\/samanuisette.com\/?s={search_term_string}"},"query-input":{"@type":"PropertyValueSpecification","valueRequired":true,"valueName":"search_term_string"}}],"inLanguage":"fr-FR"}]}},"_links":{"self":[{"href":"https:\/\/samanuisette.com\/index.php?rest_route=\/wp\/v2\/product\/1640","targetHints":{"allow":["GET"]}}],"collection":[{"href":"https:\/\/samanuisette.com\/index.php?rest_route=\/wp\/v2\/product"}],"about":[{"href":"https:\/\/samanuisette.com\/index.php?rest_route=\/wp\/v2\/types\/product"}],"replies":[{"embeddable":true,"href":"https:\/\/samanuisette.com\/index.php?rest_route=%2Fwp%2Fv2%2Fcomments&post=1640"}],"wp:featuredmedia":[{"embeddable":true,"href":"https:\/\/samanuisette.com\/index.php?rest_route=\/wp\/v2\/media\/1632"}],"wp:attachment":[{"href":"https:\/\/samanuisette.com\/index.php?rest_route=%2Fwp%2Fv2%2Fmedia&parent=1640"}],"wp:term":[{"taxonomy":"product_brand","embeddable":true,"href":"https:\/\/samanuisette.com\/index.php?rest_route=%2Fwp%2Fv2%2Fproduct_brand&post=1640"},{"taxonomy":"product_cat","embeddable":true,"href":"https:\/\/samanuisette.com\/index.php?rest_route=%2Fwp%2Fv2%2Fproduct_cat&post=1640"},{"taxonomy":"product_tag","embeddable":true,"href":"https:\/\/samanuisette.com\/index.php?rest_route=%2Fwp%2Fv2%2Fproduct_tag&post=1640"}],"curies":[{"name":"wp","href":"https:\/\/api.w.org\/{rel}","templated":true}]}}