{"id":1691,"date":"2025-08-30T13:31:15","date_gmt":"2025-08-30T13:31:15","guid":{"rendered":"https:\/\/samanuisette.com\/?post_type=product&#038;p=1691"},"modified":"2026-02-28T22:44:14","modified_gmt":"2026-02-28T22:44:14","slug":"blue-desir-et-chaine","status":"publish","type":"product","link":"https:\/\/samanuisette.com\/?product=blue-desir-et-chaine","title":{"rendered":"Victoria Sensuelle Cha\u00eene"},"content":{"rendered":"","protected":false},"excerpt":{"rendered":"","protected":false},"featured_media":1776,"comment_status":"open","ping_status":"closed","template":"","meta":{"_joinchat":[]},"product_brand":[],"product_cat":[112],"product_tag":[],"class_list":{"0":"post-1691","1":"product","2":"type-product","3":"status-publish","4":"has-post-thumbnail","6":"product_cat-lingerie-sexy","8":"first","9":"outofstock","10":"sale","11":"shipping-taxable","12":"purchasable","13":"product-type-simple"},"yoast_head":"<!-- This site is optimized with the Yoast SEO plugin v25.8 - https:\/\/yoast.com\/wordpress\/plugins\/seo\/ -->\n<title>Rouge D\u00e9sir avec Cha\u00eene | Sama Nuisette<\/title>\n<meta name=\"description\" content=\"Ensemble Rouge D\u00e9sir avec cha\u00eene, sexy et audacieux. Coupe moulante et d\u00e9tails \u00e9l\u00e9gants pour sublimer vos courbes. Disponible chez Sama Nuisette S\u00e9n\u00e9gal.\" \/>\n<meta name=\"robots\" content=\"index, follow, max-snippet:-1, max-image-preview:large, max-video-preview:-1\" \/>\n<link rel=\"canonical\" href=\"https:\/\/samanuisette.com\/?product=blue-desir-et-chaine\" \/>\n<meta property=\"og:locale\" content=\"fr_FR\" \/>\n<meta property=\"og:type\" content=\"article\" \/>\n<meta property=\"og:title\" content=\"Rouge D\u00e9sir avec Cha\u00eene | Sama Nuisette\" \/>\n<meta property=\"og:description\" content=\"Ensemble Rouge D\u00e9sir avec cha\u00eene, sexy et audacieux. Coupe moulante et d\u00e9tails \u00e9l\u00e9gants pour sublimer vos courbes. Disponible chez Sama Nuisette S\u00e9n\u00e9gal.\" \/>\n<meta property=\"og:url\" content=\"https:\/\/samanuisette.com\/?product=blue-desir-et-chaine\" \/>\n<meta property=\"og:site_name\" content=\"Samanuisette\" \/>\n<meta property=\"article:modified_time\" content=\"2026-02-28T22:44:14+00:00\" \/>\n<meta property=\"og:image\" content=\"https:\/\/samanuisette.com\/wp-content\/uploads\/2025\/08\/H68f0206a839b4c8693ff5b5d01531aca8.jpg\" \/>\n\t<meta property=\"og:image:width\" content=\"1000\" \/>\n\t<meta property=\"og:image:height\" content=\"1000\" \/>\n\t<meta property=\"og:image:type\" content=\"image\/jpeg\" \/>\n<meta name=\"twitter:card\" content=\"summary_large_image\" \/>\n<meta name=\"twitter:label1\" content=\"Dur\u00e9e de lecture estim\u00e9e\" \/>\n\t<meta name=\"twitter:data1\" content=\"1 minute\" \/>\n<script type=\"application\/ld+json\" class=\"yoast-schema-graph\">{\"@context\":\"https:\/\/schema.org\",\"@graph\":[{\"@type\":\"WebPage\",\"@id\":\"https:\/\/samanuisette.com\/?product=blue-desir-et-chaine\",\"url\":\"https:\/\/samanuisette.com\/?product=blue-desir-et-chaine\",\"name\":\"Rouge D\u00e9sir avec Cha\u00eene | Sama Nuisette\",\"isPartOf\":{\"@id\":\"https:\/\/samanuisette.com\/#website\"},\"primaryImageOfPage\":{\"@id\":\"https:\/\/samanuisette.com\/?product=blue-desir-et-chaine#primaryimage\"},\"image\":{\"@id\":\"https:\/\/samanuisette.com\/?product=blue-desir-et-chaine#primaryimage\"},\"thumbnailUrl\":\"https:\/\/samanuisette.com\/wp-content\/uploads\/2025\/08\/H68f0206a839b4c8693ff5b5d01531aca8.jpg\",\"datePublished\":\"2025-08-30T13:31:15+00:00\",\"dateModified\":\"2026-02-28T22:44:14+00:00\",\"description\":\"Ensemble Rouge D\u00e9sir avec cha\u00eene, sexy et audacieux. Coupe moulante et d\u00e9tails \u00e9l\u00e9gants pour sublimer vos courbes. Disponible chez Sama Nuisette S\u00e9n\u00e9gal.\",\"breadcrumb\":{\"@id\":\"https:\/\/samanuisette.com\/?product=blue-desir-et-chaine#breadcrumb\"},\"inLanguage\":\"fr-FR\",\"potentialAction\":[{\"@type\":\"ReadAction\",\"target\":[\"https:\/\/samanuisette.com\/?product=blue-desir-et-chaine\"]}]},{\"@type\":\"ImageObject\",\"inLanguage\":\"fr-FR\",\"@id\":\"https:\/\/samanuisette.com\/?product=blue-desir-et-chaine#primaryimage\",\"url\":\"https:\/\/samanuisette.com\/wp-content\/uploads\/2025\/08\/H68f0206a839b4c8693ff5b5d01531aca8.jpg\",\"contentUrl\":\"https:\/\/samanuisette.com\/wp-content\/uploads\/2025\/08\/H68f0206a839b4c8693ff5b5d01531aca8.jpg\",\"width\":1000,\"height\":1000},{\"@type\":\"BreadcrumbList\",\"@id\":\"https:\/\/samanuisette.com\/?product=blue-desir-et-chaine#breadcrumb\",\"itemListElement\":[{\"@type\":\"ListItem\",\"position\":1,\"name\":\"Accueil\",\"item\":\"https:\/\/samanuisette.com\/\"},{\"@type\":\"ListItem\",\"position\":2,\"name\":\"Boutique\",\"item\":\"https:\/\/samanuisette.com\/?page_id=1005\"},{\"@type\":\"ListItem\",\"position\":3,\"name\":\"Victoria Sensuelle Cha\u00eene\"}]},{\"@type\":\"WebSite\",\"@id\":\"https:\/\/samanuisette.com\/#website\",\"url\":\"https:\/\/samanuisette.com\/\",\"name\":\"Samanuisette\",\"description\":\"\",\"potentialAction\":[{\"@type\":\"SearchAction\",\"target\":{\"@type\":\"EntryPoint\",\"urlTemplate\":\"https:\/\/samanuisette.com\/?s={search_term_string}\"},\"query-input\":{\"@type\":\"PropertyValueSpecification\",\"valueRequired\":true,\"valueName\":\"search_term_string\"}}],\"inLanguage\":\"fr-FR\"}]}<\/script>\n<!-- \/ Yoast SEO plugin. -->","yoast_head_json":{"title":"Rouge D\u00e9sir avec Cha\u00eene | Sama Nuisette","description":"Ensemble Rouge D\u00e9sir avec cha\u00eene, sexy et audacieux. Coupe moulante et d\u00e9tails \u00e9l\u00e9gants pour sublimer vos courbes. Disponible chez Sama Nuisette S\u00e9n\u00e9gal.","robots":{"index":"index","follow":"follow","max-snippet":"max-snippet:-1","max-image-preview":"max-image-preview:large","max-video-preview":"max-video-preview:-1"},"canonical":"https:\/\/samanuisette.com\/?product=blue-desir-et-chaine","og_locale":"fr_FR","og_type":"article","og_title":"Rouge D\u00e9sir avec Cha\u00eene | Sama Nuisette","og_description":"Ensemble Rouge D\u00e9sir avec cha\u00eene, sexy et audacieux. Coupe moulante et d\u00e9tails \u00e9l\u00e9gants pour sublimer vos courbes. Disponible chez Sama Nuisette S\u00e9n\u00e9gal.","og_url":"https:\/\/samanuisette.com\/?product=blue-desir-et-chaine","og_site_name":"Samanuisette","article_modified_time":"2026-02-28T22:44:14+00:00","og_image":[{"width":1000,"height":1000,"url":"https:\/\/samanuisette.com\/wp-content\/uploads\/2025\/08\/H68f0206a839b4c8693ff5b5d01531aca8.jpg","type":"image\/jpeg"}],"twitter_card":"summary_large_image","twitter_misc":{"Dur\u00e9e de lecture estim\u00e9e":"1 minute"},"schema":{"@context":"https:\/\/schema.org","@graph":[{"@type":"WebPage","@id":"https:\/\/samanuisette.com\/?product=blue-desir-et-chaine","url":"https:\/\/samanuisette.com\/?product=blue-desir-et-chaine","name":"Rouge D\u00e9sir avec Cha\u00eene | Sama Nuisette","isPartOf":{"@id":"https:\/\/samanuisette.com\/#website"},"primaryImageOfPage":{"@id":"https:\/\/samanuisette.com\/?product=blue-desir-et-chaine#primaryimage"},"image":{"@id":"https:\/\/samanuisette.com\/?product=blue-desir-et-chaine#primaryimage"},"thumbnailUrl":"https:\/\/samanuisette.com\/wp-content\/uploads\/2025\/08\/H68f0206a839b4c8693ff5b5d01531aca8.jpg","datePublished":"2025-08-30T13:31:15+00:00","dateModified":"2026-02-28T22:44:14+00:00","description":"Ensemble Rouge D\u00e9sir avec cha\u00eene, sexy et audacieux. Coupe moulante et d\u00e9tails \u00e9l\u00e9gants pour sublimer vos courbes. Disponible chez Sama Nuisette S\u00e9n\u00e9gal.","breadcrumb":{"@id":"https:\/\/samanuisette.com\/?product=blue-desir-et-chaine#breadcrumb"},"inLanguage":"fr-FR","potentialAction":[{"@type":"ReadAction","target":["https:\/\/samanuisette.com\/?product=blue-desir-et-chaine"]}]},{"@type":"ImageObject","inLanguage":"fr-FR","@id":"https:\/\/samanuisette.com\/?product=blue-desir-et-chaine#primaryimage","url":"https:\/\/samanuisette.com\/wp-content\/uploads\/2025\/08\/H68f0206a839b4c8693ff5b5d01531aca8.jpg","contentUrl":"https:\/\/samanuisette.com\/wp-content\/uploads\/2025\/08\/H68f0206a839b4c8693ff5b5d01531aca8.jpg","width":1000,"height":1000},{"@type":"BreadcrumbList","@id":"https:\/\/samanuisette.com\/?product=blue-desir-et-chaine#breadcrumb","itemListElement":[{"@type":"ListItem","position":1,"name":"Accueil","item":"https:\/\/samanuisette.com\/"},{"@type":"ListItem","position":2,"name":"Boutique","item":"https:\/\/samanuisette.com\/?page_id=1005"},{"@type":"ListItem","position":3,"name":"Victoria Sensuelle Cha\u00eene"}]},{"@type":"WebSite","@id":"https:\/\/samanuisette.com\/#website","url":"https:\/\/samanuisette.com\/","name":"Samanuisette","description":"","potentialAction":[{"@type":"SearchAction","target":{"@type":"EntryPoint","urlTemplate":"https:\/\/samanuisette.com\/?s={search_term_string}"},"query-input":{"@type":"PropertyValueSpecification","valueRequired":true,"valueName":"search_term_string"}}],"inLanguage":"fr-FR"}]}},"_links":{"self":[{"href":"https:\/\/samanuisette.com\/index.php?rest_route=\/wp\/v2\/product\/1691","targetHints":{"allow":["GET"]}}],"collection":[{"href":"https:\/\/samanuisette.com\/index.php?rest_route=\/wp\/v2\/product"}],"about":[{"href":"https:\/\/samanuisette.com\/index.php?rest_route=\/wp\/v2\/types\/product"}],"replies":[{"embeddable":true,"href":"https:\/\/samanuisette.com\/index.php?rest_route=%2Fwp%2Fv2%2Fcomments&post=1691"}],"wp:featuredmedia":[{"embeddable":true,"href":"https:\/\/samanuisette.com\/index.php?rest_route=\/wp\/v2\/media\/1776"}],"wp:attachment":[{"href":"https:\/\/samanuisette.com\/index.php?rest_route=%2Fwp%2Fv2%2Fmedia&parent=1691"}],"wp:term":[{"taxonomy":"product_brand","embeddable":true,"href":"https:\/\/samanuisette.com\/index.php?rest_route=%2Fwp%2Fv2%2Fproduct_brand&post=1691"},{"taxonomy":"product_cat","embeddable":true,"href":"https:\/\/samanuisette.com\/index.php?rest_route=%2Fwp%2Fv2%2Fproduct_cat&post=1691"},{"taxonomy":"product_tag","embeddable":true,"href":"https:\/\/samanuisette.com\/index.php?rest_route=%2Fwp%2Fv2%2Fproduct_tag&post=1691"}],"curies":[{"name":"wp","href":"https:\/\/api.w.org\/{rel}","templated":true}]}}