{"id":1705,"date":"2025-08-30T14:44:10","date_gmt":"2025-08-30T14:44:10","guid":{"rendered":"https:\/\/samanuisette.com\/?post_type=product&#038;p=1705"},"modified":"2026-02-10T10:16:08","modified_gmt":"2026-02-10T10:16:08","slug":"noir-caresse","status":"publish","type":"product","link":"https:\/\/samanuisette.com\/?product=noir-caresse","title":{"rendered":"Myst\u00e8re Noire"},"content":{"rendered":"","protected":false},"excerpt":{"rendered":"","protected":false},"featured_media":2094,"comment_status":"open","ping_status":"closed","template":"","meta":{"_joinchat":[]},"product_brand":[],"product_cat":[112],"product_tag":[],"class_list":{"0":"post-1705","1":"product","2":"type-product","3":"status-publish","4":"has-post-thumbnail","6":"product_cat-lingerie-sexy","8":"first","9":"instock","10":"shipping-taxable","11":"purchasable","12":"product-type-simple"},"yoast_head":"<!-- This site is optimized with the Yoast SEO plugin v25.8 - https:\/\/yoast.com\/wordpress\/plugins\/seo\/ -->\n<title>Myst\u00e8re Noire Fleuri | Lingerie Sexy | Sama Nuisette<\/title>\n<meta name=\"description\" content=\"Ensemble Myst\u00e8re Noire avec fleurs ton sur ton, transparent et sexy. \u00c9l\u00e9gance sombre et charme irr\u00e9sistible pour sublimer votre silhouette.\" \/>\n<meta name=\"robots\" content=\"index, follow, max-snippet:-1, max-image-preview:large, max-video-preview:-1\" \/>\n<link rel=\"canonical\" href=\"https:\/\/samanuisette.com\/?product=noir-caresse\" \/>\n<meta property=\"og:locale\" content=\"fr_FR\" \/>\n<meta property=\"og:type\" content=\"article\" \/>\n<meta property=\"og:title\" content=\"Myst\u00e8re Noire Fleuri | Lingerie Sexy | Sama Nuisette\" \/>\n<meta property=\"og:description\" content=\"Ensemble Myst\u00e8re Noire avec fleurs ton sur ton, transparent et sexy. \u00c9l\u00e9gance sombre et charme irr\u00e9sistible pour sublimer votre silhouette.\" \/>\n<meta property=\"og:url\" content=\"https:\/\/samanuisette.com\/?product=noir-caresse\" \/>\n<meta property=\"og:site_name\" content=\"Samanuisette\" \/>\n<meta property=\"article:modified_time\" content=\"2026-02-10T10:16:08+00:00\" \/>\n<meta property=\"og:image\" content=\"https:\/\/samanuisette.com\/wp-content\/uploads\/2025\/08\/H30b320cff5774673a4ccede5bde16f0fu.jpg\" \/>\n\t<meta property=\"og:image:width\" content=\"1950\" \/>\n\t<meta property=\"og:image:height\" content=\"1950\" \/>\n\t<meta property=\"og:image:type\" content=\"image\/jpeg\" \/>\n<meta name=\"twitter:card\" content=\"summary_large_image\" \/>\n<meta name=\"twitter:label1\" content=\"Dur\u00e9e de lecture estim\u00e9e\" \/>\n\t<meta name=\"twitter:data1\" content=\"1 minute\" \/>\n<script type=\"application\/ld+json\" class=\"yoast-schema-graph\">{\"@context\":\"https:\/\/schema.org\",\"@graph\":[{\"@type\":\"WebPage\",\"@id\":\"https:\/\/samanuisette.com\/?product=noir-caresse\",\"url\":\"https:\/\/samanuisette.com\/?product=noir-caresse\",\"name\":\"Myst\u00e8re Noire Fleuri | Lingerie Sexy | Sama Nuisette\",\"isPartOf\":{\"@id\":\"https:\/\/samanuisette.com\/#website\"},\"primaryImageOfPage\":{\"@id\":\"https:\/\/samanuisette.com\/?product=noir-caresse#primaryimage\"},\"image\":{\"@id\":\"https:\/\/samanuisette.com\/?product=noir-caresse#primaryimage\"},\"thumbnailUrl\":\"https:\/\/samanuisette.com\/wp-content\/uploads\/2025\/08\/H30b320cff5774673a4ccede5bde16f0fu.jpg\",\"datePublished\":\"2025-08-30T14:44:10+00:00\",\"dateModified\":\"2026-02-10T10:16:08+00:00\",\"description\":\"Ensemble Myst\u00e8re Noire avec fleurs ton sur ton, transparent et sexy. \u00c9l\u00e9gance sombre et charme irr\u00e9sistible pour sublimer votre silhouette.\",\"breadcrumb\":{\"@id\":\"https:\/\/samanuisette.com\/?product=noir-caresse#breadcrumb\"},\"inLanguage\":\"fr-FR\",\"potentialAction\":[{\"@type\":\"ReadAction\",\"target\":[\"https:\/\/samanuisette.com\/?product=noir-caresse\"]}]},{\"@type\":\"ImageObject\",\"inLanguage\":\"fr-FR\",\"@id\":\"https:\/\/samanuisette.com\/?product=noir-caresse#primaryimage\",\"url\":\"https:\/\/samanuisette.com\/wp-content\/uploads\/2025\/08\/H30b320cff5774673a4ccede5bde16f0fu.jpg\",\"contentUrl\":\"https:\/\/samanuisette.com\/wp-content\/uploads\/2025\/08\/H30b320cff5774673a4ccede5bde16f0fu.jpg\",\"width\":1950,\"height\":1950},{\"@type\":\"BreadcrumbList\",\"@id\":\"https:\/\/samanuisette.com\/?product=noir-caresse#breadcrumb\",\"itemListElement\":[{\"@type\":\"ListItem\",\"position\":1,\"name\":\"Accueil\",\"item\":\"https:\/\/samanuisette.com\/\"},{\"@type\":\"ListItem\",\"position\":2,\"name\":\"Boutique\",\"item\":\"https:\/\/samanuisette.com\/?page_id=1005\"},{\"@type\":\"ListItem\",\"position\":3,\"name\":\"Myst\u00e8re Noire\"}]},{\"@type\":\"WebSite\",\"@id\":\"https:\/\/samanuisette.com\/#website\",\"url\":\"https:\/\/samanuisette.com\/\",\"name\":\"Samanuisette\",\"description\":\"\",\"potentialAction\":[{\"@type\":\"SearchAction\",\"target\":{\"@type\":\"EntryPoint\",\"urlTemplate\":\"https:\/\/samanuisette.com\/?s={search_term_string}\"},\"query-input\":{\"@type\":\"PropertyValueSpecification\",\"valueRequired\":true,\"valueName\":\"search_term_string\"}}],\"inLanguage\":\"fr-FR\"}]}<\/script>\n<!-- \/ Yoast SEO plugin. -->","yoast_head_json":{"title":"Myst\u00e8re Noire Fleuri | Lingerie Sexy | Sama Nuisette","description":"Ensemble Myst\u00e8re Noire avec fleurs ton sur ton, transparent et sexy. \u00c9l\u00e9gance sombre et charme irr\u00e9sistible pour sublimer votre silhouette.","robots":{"index":"index","follow":"follow","max-snippet":"max-snippet:-1","max-image-preview":"max-image-preview:large","max-video-preview":"max-video-preview:-1"},"canonical":"https:\/\/samanuisette.com\/?product=noir-caresse","og_locale":"fr_FR","og_type":"article","og_title":"Myst\u00e8re Noire Fleuri | Lingerie Sexy | Sama Nuisette","og_description":"Ensemble Myst\u00e8re Noire avec fleurs ton sur ton, transparent et sexy. \u00c9l\u00e9gance sombre et charme irr\u00e9sistible pour sublimer votre silhouette.","og_url":"https:\/\/samanuisette.com\/?product=noir-caresse","og_site_name":"Samanuisette","article_modified_time":"2026-02-10T10:16:08+00:00","og_image":[{"width":1950,"height":1950,"url":"https:\/\/samanuisette.com\/wp-content\/uploads\/2025\/08\/H30b320cff5774673a4ccede5bde16f0fu.jpg","type":"image\/jpeg"}],"twitter_card":"summary_large_image","twitter_misc":{"Dur\u00e9e de lecture estim\u00e9e":"1 minute"},"schema":{"@context":"https:\/\/schema.org","@graph":[{"@type":"WebPage","@id":"https:\/\/samanuisette.com\/?product=noir-caresse","url":"https:\/\/samanuisette.com\/?product=noir-caresse","name":"Myst\u00e8re Noire Fleuri | Lingerie Sexy | Sama Nuisette","isPartOf":{"@id":"https:\/\/samanuisette.com\/#website"},"primaryImageOfPage":{"@id":"https:\/\/samanuisette.com\/?product=noir-caresse#primaryimage"},"image":{"@id":"https:\/\/samanuisette.com\/?product=noir-caresse#primaryimage"},"thumbnailUrl":"https:\/\/samanuisette.com\/wp-content\/uploads\/2025\/08\/H30b320cff5774673a4ccede5bde16f0fu.jpg","datePublished":"2025-08-30T14:44:10+00:00","dateModified":"2026-02-10T10:16:08+00:00","description":"Ensemble Myst\u00e8re Noire avec fleurs ton sur ton, transparent et sexy. \u00c9l\u00e9gance sombre et charme irr\u00e9sistible pour sublimer votre silhouette.","breadcrumb":{"@id":"https:\/\/samanuisette.com\/?product=noir-caresse#breadcrumb"},"inLanguage":"fr-FR","potentialAction":[{"@type":"ReadAction","target":["https:\/\/samanuisette.com\/?product=noir-caresse"]}]},{"@type":"ImageObject","inLanguage":"fr-FR","@id":"https:\/\/samanuisette.com\/?product=noir-caresse#primaryimage","url":"https:\/\/samanuisette.com\/wp-content\/uploads\/2025\/08\/H30b320cff5774673a4ccede5bde16f0fu.jpg","contentUrl":"https:\/\/samanuisette.com\/wp-content\/uploads\/2025\/08\/H30b320cff5774673a4ccede5bde16f0fu.jpg","width":1950,"height":1950},{"@type":"BreadcrumbList","@id":"https:\/\/samanuisette.com\/?product=noir-caresse#breadcrumb","itemListElement":[{"@type":"ListItem","position":1,"name":"Accueil","item":"https:\/\/samanuisette.com\/"},{"@type":"ListItem","position":2,"name":"Boutique","item":"https:\/\/samanuisette.com\/?page_id=1005"},{"@type":"ListItem","position":3,"name":"Myst\u00e8re Noire"}]},{"@type":"WebSite","@id":"https:\/\/samanuisette.com\/#website","url":"https:\/\/samanuisette.com\/","name":"Samanuisette","description":"","potentialAction":[{"@type":"SearchAction","target":{"@type":"EntryPoint","urlTemplate":"https:\/\/samanuisette.com\/?s={search_term_string}"},"query-input":{"@type":"PropertyValueSpecification","valueRequired":true,"valueName":"search_term_string"}}],"inLanguage":"fr-FR"}]}},"_links":{"self":[{"href":"https:\/\/samanuisette.com\/index.php?rest_route=\/wp\/v2\/product\/1705","targetHints":{"allow":["GET"]}}],"collection":[{"href":"https:\/\/samanuisette.com\/index.php?rest_route=\/wp\/v2\/product"}],"about":[{"href":"https:\/\/samanuisette.com\/index.php?rest_route=\/wp\/v2\/types\/product"}],"replies":[{"embeddable":true,"href":"https:\/\/samanuisette.com\/index.php?rest_route=%2Fwp%2Fv2%2Fcomments&post=1705"}],"wp:featuredmedia":[{"embeddable":true,"href":"https:\/\/samanuisette.com\/index.php?rest_route=\/wp\/v2\/media\/2094"}],"wp:attachment":[{"href":"https:\/\/samanuisette.com\/index.php?rest_route=%2Fwp%2Fv2%2Fmedia&parent=1705"}],"wp:term":[{"taxonomy":"product_brand","embeddable":true,"href":"https:\/\/samanuisette.com\/index.php?rest_route=%2Fwp%2Fv2%2Fproduct_brand&post=1705"},{"taxonomy":"product_cat","embeddable":true,"href":"https:\/\/samanuisette.com\/index.php?rest_route=%2Fwp%2Fv2%2Fproduct_cat&post=1705"},{"taxonomy":"product_tag","embeddable":true,"href":"https:\/\/samanuisette.com\/index.php?rest_route=%2Fwp%2Fv2%2Fproduct_tag&post=1705"}],"curies":[{"name":"wp","href":"https:\/\/api.w.org\/{rel}","templated":true}]}}