{"id":1913,"date":"2026-01-14T12:35:53","date_gmt":"2026-01-14T12:35:53","guid":{"rendered":"https:\/\/samanuisette.com\/?post_type=product&#038;p=1913"},"modified":"2026-02-09T23:04:52","modified_gmt":"2026-02-09T23:04:52","slug":"ardente-2-pieces-red","status":"publish","type":"product","link":"https:\/\/samanuisette.com\/?product=ardente-2-pieces-red","title":{"rendered":"Chic 2 pi\u00e9ces red"},"content":{"rendered":"","protected":false},"excerpt":{"rendered":"","protected":false},"featured_media":1889,"comment_status":"open","ping_status":"closed","template":"","meta":{"_joinchat":[]},"product_brand":[],"product_cat":[115],"product_tag":[],"class_list":{"0":"post-1913","1":"product","2":"type-product","3":"status-publish","4":"has-post-thumbnail","6":"product_cat-ensembles-irresistibles","8":"first","9":"instock","10":"shipping-taxable","11":"purchasable","12":"product-type-simple"},"yoast_head":"<!-- This site is optimized with the Yoast SEO plugin v25.8 - https:\/\/yoast.com\/wordpress\/plugins\/seo\/ -->\n<title>Ensemble Lingerie Glands &amp; Maille Sexy \u2013 Tendance<\/title>\n<meta name=\"description\" content=\"Ensemble lingerie tendance 2025 en maille transparente, d\u00e9cor\u00e9 de glands et de d\u00e9coupes audacieuses pour un look de soir\u00e9e irr\u00e9sistible. Disponible sur Sama Nuisette.\" \/>\n<meta name=\"robots\" content=\"index, follow, max-snippet:-1, max-image-preview:large, max-video-preview:-1\" \/>\n<link rel=\"canonical\" href=\"https:\/\/samanuisette.com\/?product=ardente-2-pieces-red\" \/>\n<meta property=\"og:locale\" content=\"fr_FR\" \/>\n<meta property=\"og:type\" content=\"article\" \/>\n<meta property=\"og:title\" content=\"Ensemble Lingerie Glands &amp; Maille Sexy \u2013 Tendance\" \/>\n<meta property=\"og:description\" content=\"Ensemble lingerie tendance 2025 en maille transparente, d\u00e9cor\u00e9 de glands et de d\u00e9coupes audacieuses pour un look de soir\u00e9e irr\u00e9sistible. Disponible sur Sama Nuisette.\" \/>\n<meta property=\"og:url\" content=\"https:\/\/samanuisette.com\/?product=ardente-2-pieces-red\" \/>\n<meta property=\"og:site_name\" content=\"Samanuisette\" \/>\n<meta property=\"article:modified_time\" content=\"2026-02-09T23:04:52+00:00\" \/>\n<meta property=\"og:image\" content=\"https:\/\/samanuisette.com\/wp-content\/uploads\/2025\/11\/H1.jpg\" \/>\n\t<meta property=\"og:image:width\" content=\"678\" \/>\n\t<meta property=\"og:image:height\" content=\"678\" \/>\n\t<meta property=\"og:image:type\" content=\"image\/jpeg\" \/>\n<meta name=\"twitter:card\" content=\"summary_large_image\" \/>\n<meta name=\"twitter:label1\" content=\"Dur\u00e9e de lecture estim\u00e9e\" \/>\n\t<meta name=\"twitter:data1\" content=\"1 minute\" \/>\n<script type=\"application\/ld+json\" class=\"yoast-schema-graph\">{\"@context\":\"https:\/\/schema.org\",\"@graph\":[{\"@type\":\"WebPage\",\"@id\":\"https:\/\/samanuisette.com\/?product=ardente-2-pieces-red\",\"url\":\"https:\/\/samanuisette.com\/?product=ardente-2-pieces-red\",\"name\":\"Ensemble Lingerie Glands & Maille Sexy \u2013 Tendance\",\"isPartOf\":{\"@id\":\"https:\/\/samanuisette.com\/#website\"},\"primaryImageOfPage\":{\"@id\":\"https:\/\/samanuisette.com\/?product=ardente-2-pieces-red#primaryimage\"},\"image\":{\"@id\":\"https:\/\/samanuisette.com\/?product=ardente-2-pieces-red#primaryimage\"},\"thumbnailUrl\":\"https:\/\/samanuisette.com\/wp-content\/uploads\/2025\/11\/H1.jpg\",\"datePublished\":\"2026-01-14T12:35:53+00:00\",\"dateModified\":\"2026-02-09T23:04:52+00:00\",\"description\":\"Ensemble lingerie tendance 2025 en maille transparente, d\u00e9cor\u00e9 de glands et de d\u00e9coupes audacieuses pour un look de soir\u00e9e irr\u00e9sistible. Disponible sur Sama Nuisette.\",\"breadcrumb\":{\"@id\":\"https:\/\/samanuisette.com\/?product=ardente-2-pieces-red#breadcrumb\"},\"inLanguage\":\"fr-FR\",\"potentialAction\":[{\"@type\":\"ReadAction\",\"target\":[\"https:\/\/samanuisette.com\/?product=ardente-2-pieces-red\"]}]},{\"@type\":\"ImageObject\",\"inLanguage\":\"fr-FR\",\"@id\":\"https:\/\/samanuisette.com\/?product=ardente-2-pieces-red#primaryimage\",\"url\":\"https:\/\/samanuisette.com\/wp-content\/uploads\/2025\/11\/H1.jpg\",\"contentUrl\":\"https:\/\/samanuisette.com\/wp-content\/uploads\/2025\/11\/H1.jpg\",\"width\":678,\"height\":678},{\"@type\":\"BreadcrumbList\",\"@id\":\"https:\/\/samanuisette.com\/?product=ardente-2-pieces-red#breadcrumb\",\"itemListElement\":[{\"@type\":\"ListItem\",\"position\":1,\"name\":\"Accueil\",\"item\":\"https:\/\/samanuisette.com\/\"},{\"@type\":\"ListItem\",\"position\":2,\"name\":\"Boutique\",\"item\":\"https:\/\/samanuisette.com\/?page_id=1005\"},{\"@type\":\"ListItem\",\"position\":3,\"name\":\"Chic 2 pi\u00e9ces red\"}]},{\"@type\":\"WebSite\",\"@id\":\"https:\/\/samanuisette.com\/#website\",\"url\":\"https:\/\/samanuisette.com\/\",\"name\":\"Samanuisette\",\"description\":\"\",\"potentialAction\":[{\"@type\":\"SearchAction\",\"target\":{\"@type\":\"EntryPoint\",\"urlTemplate\":\"https:\/\/samanuisette.com\/?s={search_term_string}\"},\"query-input\":{\"@type\":\"PropertyValueSpecification\",\"valueRequired\":true,\"valueName\":\"search_term_string\"}}],\"inLanguage\":\"fr-FR\"}]}<\/script>\n<!-- \/ Yoast SEO plugin. -->","yoast_head_json":{"title":"Ensemble Lingerie Glands & Maille Sexy \u2013 Tendance","description":"Ensemble lingerie tendance 2025 en maille transparente, d\u00e9cor\u00e9 de glands et de d\u00e9coupes audacieuses pour un look de soir\u00e9e irr\u00e9sistible. Disponible sur Sama Nuisette.","robots":{"index":"index","follow":"follow","max-snippet":"max-snippet:-1","max-image-preview":"max-image-preview:large","max-video-preview":"max-video-preview:-1"},"canonical":"https:\/\/samanuisette.com\/?product=ardente-2-pieces-red","og_locale":"fr_FR","og_type":"article","og_title":"Ensemble Lingerie Glands & Maille Sexy \u2013 Tendance","og_description":"Ensemble lingerie tendance 2025 en maille transparente, d\u00e9cor\u00e9 de glands et de d\u00e9coupes audacieuses pour un look de soir\u00e9e irr\u00e9sistible. Disponible sur Sama Nuisette.","og_url":"https:\/\/samanuisette.com\/?product=ardente-2-pieces-red","og_site_name":"Samanuisette","article_modified_time":"2026-02-09T23:04:52+00:00","og_image":[{"width":678,"height":678,"url":"https:\/\/samanuisette.com\/wp-content\/uploads\/2025\/11\/H1.jpg","type":"image\/jpeg"}],"twitter_card":"summary_large_image","twitter_misc":{"Dur\u00e9e de lecture estim\u00e9e":"1 minute"},"schema":{"@context":"https:\/\/schema.org","@graph":[{"@type":"WebPage","@id":"https:\/\/samanuisette.com\/?product=ardente-2-pieces-red","url":"https:\/\/samanuisette.com\/?product=ardente-2-pieces-red","name":"Ensemble Lingerie Glands & Maille Sexy \u2013 Tendance","isPartOf":{"@id":"https:\/\/samanuisette.com\/#website"},"primaryImageOfPage":{"@id":"https:\/\/samanuisette.com\/?product=ardente-2-pieces-red#primaryimage"},"image":{"@id":"https:\/\/samanuisette.com\/?product=ardente-2-pieces-red#primaryimage"},"thumbnailUrl":"https:\/\/samanuisette.com\/wp-content\/uploads\/2025\/11\/H1.jpg","datePublished":"2026-01-14T12:35:53+00:00","dateModified":"2026-02-09T23:04:52+00:00","description":"Ensemble lingerie tendance 2025 en maille transparente, d\u00e9cor\u00e9 de glands et de d\u00e9coupes audacieuses pour un look de soir\u00e9e irr\u00e9sistible. Disponible sur Sama Nuisette.","breadcrumb":{"@id":"https:\/\/samanuisette.com\/?product=ardente-2-pieces-red#breadcrumb"},"inLanguage":"fr-FR","potentialAction":[{"@type":"ReadAction","target":["https:\/\/samanuisette.com\/?product=ardente-2-pieces-red"]}]},{"@type":"ImageObject","inLanguage":"fr-FR","@id":"https:\/\/samanuisette.com\/?product=ardente-2-pieces-red#primaryimage","url":"https:\/\/samanuisette.com\/wp-content\/uploads\/2025\/11\/H1.jpg","contentUrl":"https:\/\/samanuisette.com\/wp-content\/uploads\/2025\/11\/H1.jpg","width":678,"height":678},{"@type":"BreadcrumbList","@id":"https:\/\/samanuisette.com\/?product=ardente-2-pieces-red#breadcrumb","itemListElement":[{"@type":"ListItem","position":1,"name":"Accueil","item":"https:\/\/samanuisette.com\/"},{"@type":"ListItem","position":2,"name":"Boutique","item":"https:\/\/samanuisette.com\/?page_id=1005"},{"@type":"ListItem","position":3,"name":"Chic 2 pi\u00e9ces red"}]},{"@type":"WebSite","@id":"https:\/\/samanuisette.com\/#website","url":"https:\/\/samanuisette.com\/","name":"Samanuisette","description":"","potentialAction":[{"@type":"SearchAction","target":{"@type":"EntryPoint","urlTemplate":"https:\/\/samanuisette.com\/?s={search_term_string}"},"query-input":{"@type":"PropertyValueSpecification","valueRequired":true,"valueName":"search_term_string"}}],"inLanguage":"fr-FR"}]}},"_links":{"self":[{"href":"https:\/\/samanuisette.com\/index.php?rest_route=\/wp\/v2\/product\/1913","targetHints":{"allow":["GET"]}}],"collection":[{"href":"https:\/\/samanuisette.com\/index.php?rest_route=\/wp\/v2\/product"}],"about":[{"href":"https:\/\/samanuisette.com\/index.php?rest_route=\/wp\/v2\/types\/product"}],"replies":[{"embeddable":true,"href":"https:\/\/samanuisette.com\/index.php?rest_route=%2Fwp%2Fv2%2Fcomments&post=1913"}],"wp:featuredmedia":[{"embeddable":true,"href":"https:\/\/samanuisette.com\/index.php?rest_route=\/wp\/v2\/media\/1889"}],"wp:attachment":[{"href":"https:\/\/samanuisette.com\/index.php?rest_route=%2Fwp%2Fv2%2Fmedia&parent=1913"}],"wp:term":[{"taxonomy":"product_brand","embeddable":true,"href":"https:\/\/samanuisette.com\/index.php?rest_route=%2Fwp%2Fv2%2Fproduct_brand&post=1913"},{"taxonomy":"product_cat","embeddable":true,"href":"https:\/\/samanuisette.com\/index.php?rest_route=%2Fwp%2Fv2%2Fproduct_cat&post=1913"},{"taxonomy":"product_tag","embeddable":true,"href":"https:\/\/samanuisette.com\/index.php?rest_route=%2Fwp%2Fv2%2Fproduct_tag&post=1913"}],"curies":[{"name":"wp","href":"https:\/\/api.w.org\/{rel}","templated":true}]}}