{"id":2000,"date":"2026-01-14T12:36:30","date_gmt":"2026-01-14T12:36:30","guid":{"rendered":"https:\/\/samanuisette.com\/?post_type=product&#038;p=2000"},"modified":"2026-03-03T09:34:40","modified_gmt":"2026-03-03T09:34:40","slug":"satin-rose-black","status":"publish","type":"product","link":"https:\/\/samanuisette.com\/?product=satin-rose-black","title":{"rendered":"Satin Noir Supr\u00eame"},"content":{"rendered":"","protected":false},"excerpt":{"rendered":"","protected":false},"featured_media":1954,"comment_status":"open","ping_status":"closed","template":"","meta":{"_joinchat":[]},"product_brand":[],"product_cat":[115],"product_tag":[],"class_list":{"0":"post-2000","1":"product","2":"type-product","3":"status-publish","4":"has-post-thumbnail","6":"product_cat-ensembles-irresistibles","8":"first","9":"instock","10":"sale","11":"shipping-taxable","12":"purchasable","13":"product-type-simple"},"yoast_head":"<!-- This site is optimized with the Yoast SEO plugin v25.8 - https:\/\/yoast.com\/wordpress\/plugins\/seo\/ -->\n<title>Ensemble Satin Noir 5 Pi\u00e8ces \u2013 Lingerie &amp; Pyjama Sexy \u00c9l\u00e9gant<\/title>\n<meta name=\"description\" content=\"Ensemble satin 5 pi\u00e8ces couleur noire, chic et irr\u00e9sistiblement sensuel, parfait pour des nuits \u00e9l\u00e9gantes et myst\u00e9rieuses.Disponible sur Sama Nuisette.\" \/>\n<meta name=\"robots\" content=\"index, follow, max-snippet:-1, max-image-preview:large, max-video-preview:-1\" \/>\n<link rel=\"canonical\" href=\"https:\/\/samanuisette.com\/?product=satin-rose-black\" \/>\n<meta property=\"og:locale\" content=\"fr_FR\" \/>\n<meta property=\"og:type\" content=\"article\" \/>\n<meta property=\"og:title\" content=\"Ensemble Satin Noir 5 Pi\u00e8ces \u2013 Lingerie &amp; Pyjama Sexy \u00c9l\u00e9gant\" \/>\n<meta property=\"og:description\" content=\"Ensemble satin 5 pi\u00e8ces couleur noire, chic et irr\u00e9sistiblement sensuel, parfait pour des nuits \u00e9l\u00e9gantes et myst\u00e9rieuses.Disponible sur Sama Nuisette.\" \/>\n<meta property=\"og:url\" content=\"https:\/\/samanuisette.com\/?product=satin-rose-black\" \/>\n<meta property=\"og:site_name\" content=\"Samanuisette\" \/>\n<meta property=\"article:modified_time\" content=\"2026-03-03T09:34:40+00:00\" \/>\n<meta property=\"og:image\" content=\"https:\/\/samanuisette.com\/wp-content\/uploads\/2025\/11\/L2.jpg\" \/>\n\t<meta property=\"og:image:width\" content=\"790\" \/>\n\t<meta property=\"og:image:height\" content=\"790\" \/>\n\t<meta property=\"og:image:type\" content=\"image\/jpeg\" \/>\n<meta name=\"twitter:card\" content=\"summary_large_image\" \/>\n<meta name=\"twitter:label1\" content=\"Dur\u00e9e de lecture estim\u00e9e\" \/>\n\t<meta name=\"twitter:data1\" content=\"1 minute\" \/>\n<script type=\"application\/ld+json\" class=\"yoast-schema-graph\">{\"@context\":\"https:\/\/schema.org\",\"@graph\":[{\"@type\":\"WebPage\",\"@id\":\"https:\/\/samanuisette.com\/?product=satin-rose-black\",\"url\":\"https:\/\/samanuisette.com\/?product=satin-rose-black\",\"name\":\"Ensemble Satin Noir 5 Pi\u00e8ces \u2013 Lingerie & Pyjama Sexy \u00c9l\u00e9gant\",\"isPartOf\":{\"@id\":\"https:\/\/samanuisette.com\/#website\"},\"primaryImageOfPage\":{\"@id\":\"https:\/\/samanuisette.com\/?product=satin-rose-black#primaryimage\"},\"image\":{\"@id\":\"https:\/\/samanuisette.com\/?product=satin-rose-black#primaryimage\"},\"thumbnailUrl\":\"https:\/\/samanuisette.com\/wp-content\/uploads\/2025\/11\/L2.jpg\",\"datePublished\":\"2026-01-14T12:36:30+00:00\",\"dateModified\":\"2026-03-03T09:34:40+00:00\",\"description\":\"Ensemble satin 5 pi\u00e8ces couleur noire, chic et irr\u00e9sistiblement sensuel, parfait pour des nuits \u00e9l\u00e9gantes et myst\u00e9rieuses.Disponible sur Sama Nuisette.\",\"breadcrumb\":{\"@id\":\"https:\/\/samanuisette.com\/?product=satin-rose-black#breadcrumb\"},\"inLanguage\":\"fr-FR\",\"potentialAction\":[{\"@type\":\"ReadAction\",\"target\":[\"https:\/\/samanuisette.com\/?product=satin-rose-black\"]}]},{\"@type\":\"ImageObject\",\"inLanguage\":\"fr-FR\",\"@id\":\"https:\/\/samanuisette.com\/?product=satin-rose-black#primaryimage\",\"url\":\"https:\/\/samanuisette.com\/wp-content\/uploads\/2025\/11\/L2.jpg\",\"contentUrl\":\"https:\/\/samanuisette.com\/wp-content\/uploads\/2025\/11\/L2.jpg\",\"width\":790,\"height\":790},{\"@type\":\"BreadcrumbList\",\"@id\":\"https:\/\/samanuisette.com\/?product=satin-rose-black#breadcrumb\",\"itemListElement\":[{\"@type\":\"ListItem\",\"position\":1,\"name\":\"Accueil\",\"item\":\"https:\/\/samanuisette.com\/\"},{\"@type\":\"ListItem\",\"position\":2,\"name\":\"Boutique\",\"item\":\"https:\/\/samanuisette.com\/?page_id=1005\"},{\"@type\":\"ListItem\",\"position\":3,\"name\":\"Satin Noir Supr\u00eame\"}]},{\"@type\":\"WebSite\",\"@id\":\"https:\/\/samanuisette.com\/#website\",\"url\":\"https:\/\/samanuisette.com\/\",\"name\":\"Samanuisette\",\"description\":\"\",\"potentialAction\":[{\"@type\":\"SearchAction\",\"target\":{\"@type\":\"EntryPoint\",\"urlTemplate\":\"https:\/\/samanuisette.com\/?s={search_term_string}\"},\"query-input\":{\"@type\":\"PropertyValueSpecification\",\"valueRequired\":true,\"valueName\":\"search_term_string\"}}],\"inLanguage\":\"fr-FR\"}]}<\/script>\n<!-- \/ Yoast SEO plugin. -->","yoast_head_json":{"title":"Ensemble Satin Noir 5 Pi\u00e8ces \u2013 Lingerie & Pyjama Sexy \u00c9l\u00e9gant","description":"Ensemble satin 5 pi\u00e8ces couleur noire, chic et irr\u00e9sistiblement sensuel, parfait pour des nuits \u00e9l\u00e9gantes et myst\u00e9rieuses.Disponible sur Sama Nuisette.","robots":{"index":"index","follow":"follow","max-snippet":"max-snippet:-1","max-image-preview":"max-image-preview:large","max-video-preview":"max-video-preview:-1"},"canonical":"https:\/\/samanuisette.com\/?product=satin-rose-black","og_locale":"fr_FR","og_type":"article","og_title":"Ensemble Satin Noir 5 Pi\u00e8ces \u2013 Lingerie & Pyjama Sexy \u00c9l\u00e9gant","og_description":"Ensemble satin 5 pi\u00e8ces couleur noire, chic et irr\u00e9sistiblement sensuel, parfait pour des nuits \u00e9l\u00e9gantes et myst\u00e9rieuses.Disponible sur Sama Nuisette.","og_url":"https:\/\/samanuisette.com\/?product=satin-rose-black","og_site_name":"Samanuisette","article_modified_time":"2026-03-03T09:34:40+00:00","og_image":[{"width":790,"height":790,"url":"https:\/\/samanuisette.com\/wp-content\/uploads\/2025\/11\/L2.jpg","type":"image\/jpeg"}],"twitter_card":"summary_large_image","twitter_misc":{"Dur\u00e9e de lecture estim\u00e9e":"1 minute"},"schema":{"@context":"https:\/\/schema.org","@graph":[{"@type":"WebPage","@id":"https:\/\/samanuisette.com\/?product=satin-rose-black","url":"https:\/\/samanuisette.com\/?product=satin-rose-black","name":"Ensemble Satin Noir 5 Pi\u00e8ces \u2013 Lingerie & Pyjama Sexy \u00c9l\u00e9gant","isPartOf":{"@id":"https:\/\/samanuisette.com\/#website"},"primaryImageOfPage":{"@id":"https:\/\/samanuisette.com\/?product=satin-rose-black#primaryimage"},"image":{"@id":"https:\/\/samanuisette.com\/?product=satin-rose-black#primaryimage"},"thumbnailUrl":"https:\/\/samanuisette.com\/wp-content\/uploads\/2025\/11\/L2.jpg","datePublished":"2026-01-14T12:36:30+00:00","dateModified":"2026-03-03T09:34:40+00:00","description":"Ensemble satin 5 pi\u00e8ces couleur noire, chic et irr\u00e9sistiblement sensuel, parfait pour des nuits \u00e9l\u00e9gantes et myst\u00e9rieuses.Disponible sur Sama Nuisette.","breadcrumb":{"@id":"https:\/\/samanuisette.com\/?product=satin-rose-black#breadcrumb"},"inLanguage":"fr-FR","potentialAction":[{"@type":"ReadAction","target":["https:\/\/samanuisette.com\/?product=satin-rose-black"]}]},{"@type":"ImageObject","inLanguage":"fr-FR","@id":"https:\/\/samanuisette.com\/?product=satin-rose-black#primaryimage","url":"https:\/\/samanuisette.com\/wp-content\/uploads\/2025\/11\/L2.jpg","contentUrl":"https:\/\/samanuisette.com\/wp-content\/uploads\/2025\/11\/L2.jpg","width":790,"height":790},{"@type":"BreadcrumbList","@id":"https:\/\/samanuisette.com\/?product=satin-rose-black#breadcrumb","itemListElement":[{"@type":"ListItem","position":1,"name":"Accueil","item":"https:\/\/samanuisette.com\/"},{"@type":"ListItem","position":2,"name":"Boutique","item":"https:\/\/samanuisette.com\/?page_id=1005"},{"@type":"ListItem","position":3,"name":"Satin Noir Supr\u00eame"}]},{"@type":"WebSite","@id":"https:\/\/samanuisette.com\/#website","url":"https:\/\/samanuisette.com\/","name":"Samanuisette","description":"","potentialAction":[{"@type":"SearchAction","target":{"@type":"EntryPoint","urlTemplate":"https:\/\/samanuisette.com\/?s={search_term_string}"},"query-input":{"@type":"PropertyValueSpecification","valueRequired":true,"valueName":"search_term_string"}}],"inLanguage":"fr-FR"}]}},"_links":{"self":[{"href":"https:\/\/samanuisette.com\/index.php?rest_route=\/wp\/v2\/product\/2000","targetHints":{"allow":["GET"]}}],"collection":[{"href":"https:\/\/samanuisette.com\/index.php?rest_route=\/wp\/v2\/product"}],"about":[{"href":"https:\/\/samanuisette.com\/index.php?rest_route=\/wp\/v2\/types\/product"}],"replies":[{"embeddable":true,"href":"https:\/\/samanuisette.com\/index.php?rest_route=%2Fwp%2Fv2%2Fcomments&post=2000"}],"wp:featuredmedia":[{"embeddable":true,"href":"https:\/\/samanuisette.com\/index.php?rest_route=\/wp\/v2\/media\/1954"}],"wp:attachment":[{"href":"https:\/\/samanuisette.com\/index.php?rest_route=%2Fwp%2Fv2%2Fmedia&parent=2000"}],"wp:term":[{"taxonomy":"product_brand","embeddable":true,"href":"https:\/\/samanuisette.com\/index.php?rest_route=%2Fwp%2Fv2%2Fproduct_brand&post=2000"},{"taxonomy":"product_cat","embeddable":true,"href":"https:\/\/samanuisette.com\/index.php?rest_route=%2Fwp%2Fv2%2Fproduct_cat&post=2000"},{"taxonomy":"product_tag","embeddable":true,"href":"https:\/\/samanuisette.com\/index.php?rest_route=%2Fwp%2Fv2%2Fproduct_tag&post=2000"}],"curies":[{"name":"wp","href":"https:\/\/api.w.org\/{rel}","templated":true}]}}